{"id":65,"date":"2018-03-28T15:17:18","date_gmt":"2018-03-28T18:17:18","guid":{"rendered":"https:\/\/www.grupotiradentes.com\/international\/?page_id=65"},"modified":"2025-10-10T11:02:28","modified_gmt":"2025-10-10T14:02:28","slug":"faq-perguntas-frequentes","status":"publish","type":"page","link":"https:\/\/www.grupotiradentes.com\/international\/faq-perguntas-frequentes\/","title":{"rendered":"FAQ \u2013 Perguntas Frequentes"},"content":{"rendered":"\n<h3 class=\"wp-block-heading\"><strong>1- O que \u00e9 a Mobilidade Acad\u00eamica?<\/strong><\/h3>\n\n\n\n<p>A Mobilidade Acad\u00eamica \u00e9 uma iniciativa que permite ao estudante cursar disciplinas ou desenvolver qualquer tipo de atividade acad\u00eamica em outra institui\u00e7\u00e3o de ensino superior parceira no exterior, sem perder o v\u00ednculo com a institui\u00e7\u00e3o do Grupo Tiradentes em que estuda.<\/p>\n\n\n\n<h3 class=\"wp-block-heading\"><strong>2 &#8211; Sou estudante de uma IES do Grupo Tiradentes. Como posso me inscrever para fazer a mobilidade acad\u00eamica em uma IES parceira?<\/strong><\/h3>\n\n\n\n<p>O Grupo Tiradentes, com o objetivo de melhor atender esses estudantes que desejam fazer mobilidade acad\u00eamica, centraliza essa iniciativa atrav\u00e9s do Programa de Mobilidade Acad\u00eamica Internacional (PROMAI). Sendo assim, basta ficar atento ao site e se inscrever para concorrer nos nossos Editais, que s\u00e3o lan\u00e7ados sempre no in\u00edcio do semestre letivo (fevereiro e agosto)!<\/p>\n\n\n\n<h3 class=\"wp-block-heading\"><strong>3 &#8211; Como funciona o processo seletivo do PROMAI?<\/strong><\/h3>\n\n\n\n<p>O processo seletivo n\u00e3o \u00e9 realizado atrav\u00e9s de prova, mas sim atrav\u00e9s da an\u00e1lise de curr\u00edculo estudantil. Na inscri\u00e7\u00e3o para o PROMAI, o(a) estudante dever\u00e1 preencher um formul\u00e1rio e anexar documentos solicitados. A partir dos mesmos, o(a) estudante ser\u00e1 pontuado(a) de acordo com crit\u00e9rios discriminados no edital e poder\u00e1 ser selecionado(a) de acordo com suas op\u00e7\u00f5es de IES de destino. H\u00e1 a possibilidade de se inscrever em at\u00e9 tr\u00eas diferentes IES, e a depender do n\u00famero de vagas dispon\u00edveis por institui\u00e7\u00e3o, a pontua\u00e7\u00e3o do processo seletivo determinar\u00e1 em qual dessas o(a) estudante poder\u00e1 fazer a mobilidade acad\u00eamica.<\/p>\n\n\n\n<h3 class=\"wp-block-heading\"><strong>4- Preciso trancar o curso para fazer a mobilidade acad\u00eamica?<\/strong><\/h3>\n\n\n\n<p>N\u00e3o. Com a Mobilidade Acad\u00eamica ativa, os estudantes que realizam sua experi\u00eancia internacional pelas Institui\u00e7\u00f5es de Ensino Superior (IES) do Grupo Tiradentes precisam estar vinculados a um curso de gradua\u00e7\u00e3o. Apenas se faz necess\u00e1rio atualizar o status no Magister.<\/p>\n\n\n\n<h3 class=\"wp-block-heading\"><strong>5 &#8211; Estou prestes a me formar, posso fazer mobilidade acad\u00eamica?<\/strong><\/h3>\n\n\n\n<p>Para ser considerado apto a participar do programa de mobilidade acad\u00eamica, \u00e9 necess\u00e1rio que o(a) estudante tenha entre 20% e 80% de sua grade curricular conclu\u00edda. Al\u00e9m disso, \u00e9 necess\u00e1rio que o(a) estudante volte para a IES do Grupo Tiradentes para a realiza\u00e7\u00e3o do aproveitamento das disciplinas cursadas no exterior, de maneira que o(a) estudante em mobilidade n\u00e3o pode concluir o curso numa institui\u00e7\u00e3o estrangeira.<\/p>\n\n\n\n<h3 class=\"wp-block-heading\"><strong>6- Preciso ser fluente no idioma do pa\u00eds no qual irei fazer mobilidade acad\u00eamica?<\/strong><\/h3>\n\n\n\n<p>Cada IES parceira solicita que os estudantes em mobilidade tenham determinado n\u00edvel de profici\u00eancia no idioma em que as aulas ser\u00e3o cursadas. H\u00e1 alternativas em IES parceiras em Portugal que n\u00e3o exigem nenhum conhecimento de l\u00edngua estrangeira para brasileiros. Todos os editais possuem um anexo que detalhe os requisitos de idioma por IES.<\/p>\n\n\n\n<h3 class=\"wp-block-heading\"><strong>7- As despesas para a mobilidade acad\u00eamica ser\u00e3o custeadas pelo Grupo Tiradentes?<\/strong><\/h3>\n\n\n\n<p>N\u00e3o. A responsabilidade de arcar com os custos de alimenta\u00e7\u00e3o, habita\u00e7\u00e3o, transporte, seguro sa\u00fade e emiss\u00e3o de documentos ser\u00e1 do(a) estudante. No entanto, o Grupo Tiradentes seleciona, por meio do m\u00e9rito acad\u00eamico, estudantes que receber\u00e3o uma bolsa de R$7.000,00 para auxiliar com as suas despesas.<\/p>\n\n\n\n<h3 class=\"wp-block-heading\"><strong>8- Preciso de passaporte para realizar minha experi\u00eancia internacional?<\/strong><\/h3>\n\n\n\n<p>Sim. O passaporte \u00e9 essencial, pois \u00e9 ele que ir\u00e1 identificar voc\u00ea formalmente em qualquer pa\u00eds do mundo, al\u00e9m de conter o visto comprovando a legalidade migrat\u00f3ria. Caso ainda n\u00e3o tenha passaporte, e tem interesse em realizar sua mobilidade, \u00e9 ideal agilizar o processo de solicita\u00e7\u00e3o do passaporte o quanto antes junto \u00e0 Pol\u00edcia Federal. Para informa\u00e7\u00f5es sobre como solicitar o seu passaporte, acesse: &lt;<a href=\"http:\/\/www.pf.gov.br\/servicos-pf\/passaporte\/requerer-passaporte\">http:\/\/www.pf.gov.br\/servicos-pf\/passaporte\/requerer-passaporte<\/a>&gt;<\/p>\n\n\n\n<h3 class=\"wp-block-heading\"><strong>9- Qual \u00e9 a diferen\u00e7a entre passaporte e visto?<\/strong><\/h3>\n\n\n\n<p>Basicamente o passaporte \u00e9 um documento de identifica\u00e7\u00e3o internacional, enquanto o visto consiste da legalidade da situa\u00e7\u00e3o migrat\u00f3ria no pa\u00eds. Ou seja, o visto \u00e9 um documento que permite o ingresso no pa\u00eds de destino e \u00e9 emitido pelo consulado desse pa\u00eds no Brasil. O visto ser\u00e1 anexado ao passaporte, que por sua vez, \u00e9 um documento emitido pela Pol\u00edcia Federal aqui no Brasil. Para Informa\u00e7\u00f5es sobre como tirar o visto para o pa\u00eds de destino escolhido, \u00e9 preciso buscar o site respons\u00e1vel pelo consulado do pa\u00eds, ou entrar em contato direto com o consulado mais pr\u00f3ximo.<\/p>\n\n\n\n<h3 class=\"wp-block-heading\"><strong>10- Qual IES estrangeira parceira oferece o meu curso?<\/strong><\/h3>\n\n\n\n<p>Cada IES estrangeira possui autonomia para definir os cursos que ofertar\u00e3o para estudantes em Mobilidade Acad\u00eamica. Al\u00e9m disso, existem alguns cursos que n\u00e3o s\u00e3o ofertados em outros pa\u00edses, ou s\u00e3o ofertados seguindo uma metodologia incompat\u00edvel com a das IES do Grupo Tiradentes. Assim, \u00e9 importante que o(a) estudante consulte as tabelas anexas aos editais divulgados pela Coordena\u00e7\u00e3o de Rela\u00e7\u00f5es Internacionais (CRI), pois assim ir\u00e1 ficar a par de quais IES parceiras ofertam seu curso de gradua\u00e7\u00e3o.<\/p>\n\n\n\n<h3 class=\"wp-block-heading\"><strong>11- As mat\u00e9rias que cursei no exterior entrar\u00e3o para meu hist\u00f3rico curricular?<\/strong><\/h3>\n\n\n\n<p>Depende. O objetivo, al\u00e9m da experi\u00eancia cultural e lingu\u00edstica, \u00e9 justamente obter o maior aproveitamento acad\u00eamico poss\u00edvel. Por isso, assim que o(a) estudante \u00e9 selecionado para a mobilidade acad\u00eamica, a CRI ir\u00e1 auxili\u00e1-lo(a)&nbsp; no processo de confec\u00e7\u00e3o do Contrato de Estudos, ou Learning Agreement. Esse documento \u00e9 feito em conjunto \u00e0 coordena\u00e7\u00e3o de curso, que definir\u00e1 quais mat\u00e9rias da IES estrangeiras podem ser equivalentes \u00e0 grade da IES de origem. Ao final, o(a) estudante ter\u00e1 o aproveitamento gratuito assegurado dessas mat\u00e9rias constadas no Contrato de Estudos. No entanto, caso o(a) estudante assim queira, pode cursar mat\u00e9rias na IES estrangeiras que n\u00e3o s\u00e3o contempladas por esse Contrato.<\/p>\n\n\n\n<h3 class=\"wp-block-heading\"><strong>12- Durante o meu per\u00edodo no exterior, eu posso fazer algum est\u00e1gio ou mesmo trabalho volunt\u00e1rio?<\/strong><\/h3>\n\n\n\n<p>Tudo ir\u00e1 depender de como a IES estrangeira conveniada ao Grupo Tiradentes ir\u00e1 aceitar e receber o aluno no exterior, havendo o interesse nas modalidades est\u00e1gio e voluntariado, \u00e9 importante ficar atento \u00e0s regras de cada unidade educacional. Via de regra, os estudantes de Gradua\u00e7\u00e3o v\u00e3o com visto de estudante e n\u00e3o podem realizar trabalho com v\u00ednculo empregat\u00edcio no pa\u00eds de destino, uma vez que o fim \u00e9 acad\u00eamico, e n\u00e3o profissional.<\/p>\n\n\n\n<h3 class=\"wp-block-heading\"><strong>13- Qual \u00e9 a diferen\u00e7a entre Seguro Sa\u00fade e um Seguro Viagem?<\/strong><\/h3>\n\n\n\n<p>O Seguro Sa\u00fade \u00e9 um seguro que cobrir\u00e1 eventuais despesas m\u00e9dicas no exterior ou permitir\u00e1 que voc\u00ea tenha acesso ao sistema p\u00fablico de sa\u00fade em determinado pa\u00eds, ou seja, \u00e9 essencial que o estudante possua um Seguro Sa\u00fade antes de viajar, para que quaisquer problemas que venha a ocorrer em termos de sa\u00fade possa ser coberto pelo seguro. J\u00e1 o Seguro Viagem \u00e9 um seguro que cobre eventualidades ocorridas no momento da sua viagem, como um extravio de bagagem, por exemplo. Vale lembrar que o Seguro Viagem \u00e9 recomend\u00e1vel, por\u00e9m o Seguro Sa\u00fade \u00e9 obrigat\u00f3rio, e muitas vezes requerido pelas autoridades consulares do pa\u00eds de destino para a emiss\u00e3o do visto.<\/p>\n\n\n\n<p><strong>________________________________________________________________________________________________________________<\/strong><\/p>\n\n\n\n<h5 class=\"wp-block-heading has-text-align-center\"><em>Ainda restam d\u00favidas?<\/em><\/h5>\n\n\n\n<h5 class=\"wp-block-heading has-text-align-center\"><em>Fale conosco atrav\u00e9s do e-mail: international@unit.br<\/em><\/h5>\n\n\n\n<h5 class=\"wp-block-heading has-text-align-center\"><em>Ou do telefone: +55 (79) 3218-2284<\/em><\/h5>\n","protected":false},"excerpt":{"rendered":"<p>1- O que \u00e9 a Mobilidade Acad\u00eamica? A Mobilidade Acad\u00eamica \u00e9 uma iniciativa que permite ao estudante cursar disciplinas ou desenvolver qualquer tipo de atividade acad\u00eamica em outra institui\u00e7\u00e3o de ensino superior parceira no exterior, sem perder o v\u00ednculo com a institui\u00e7\u00e3o do Grupo Tiradentes em que estuda. 2 &#8211; Sou estudante de uma IES [&hellip;]<\/p>\n","protected":false},"author":1,"featured_media":0,"parent":0,"menu_order":0,"comment_status":"closed","ping_status":"closed","template":"","meta":{"footnotes":""},"class_list":["post-65","page","type-page","status-publish","hentry"],"_links":{"self":[{"href":"https:\/\/www.grupotiradentes.com\/international\/wp-json\/wp\/v2\/pages\/65","targetHints":{"allow":["GET"]}}],"collection":[{"href":"https:\/\/www.grupotiradentes.com\/international\/wp-json\/wp\/v2\/pages"}],"about":[{"href":"https:\/\/www.grupotiradentes.com\/international\/wp-json\/wp\/v2\/types\/page"}],"author":[{"embeddable":true,"href":"https:\/\/www.grupotiradentes.com\/international\/wp-json\/wp\/v2\/users\/1"}],"replies":[{"embeddable":true,"href":"https:\/\/www.grupotiradentes.com\/international\/wp-json\/wp\/v2\/comments?post=65"}],"version-history":[{"count":8,"href":"https:\/\/www.grupotiradentes.com\/international\/wp-json\/wp\/v2\/pages\/65\/revisions"}],"predecessor-version":[{"id":2525,"href":"https:\/\/www.grupotiradentes.com\/international\/wp-json\/wp\/v2\/pages\/65\/revisions\/2525"}],"wp:attachment":[{"href":"https:\/\/www.grupotiradentes.com\/international\/wp-json\/wp\/v2\/media?parent=65"}],"curies":[{"name":"wp","href":"https:\/\/api.w.org\/{rel}","templated":true}]}}