{"id":59,"date":"2018-03-28T15:10:42","date_gmt":"2018-03-28T18:10:42","guid":{"rendered":"https:\/\/www.grupotiradentes.com\/international\/?page_id=59"},"modified":"2023-10-24T14:13:20","modified_gmt":"2023-10-24T17:13:20","slug":"egressos","status":"publish","type":"page","link":"https:\/\/www.grupotiradentes.com\/international\/egressos\/","title":{"rendered":"Tiradentes University&#8217;s International Students"},"content":{"rendered":"\n<div class=\"wp-block-columns is-layout-flex wp-container-core-columns-is-layout-9d6595d7 wp-block-columns-is-layout-flex\">\n<div class=\"wp-block-column is-layout-flow wp-block-column-is-layout-flow\" style=\"flex-basis:100%\">\n<p><iframe loading=\"lazy\" title=\"??????Nossos intercambistas j\u00e1 chegam arrasando na Unit ??\" width=\"500\" height=\"281\" src=\"https:\/\/www.youtube.com\/embed\/jOFWe0tegBc?feature=oembed\" frameborder=\"0\" allow=\"accelerometer; autoplay; clipboard-write; encrypted-media; gyroscope; picture-in-picture; web-share\" referrerpolicy=\"strict-origin-when-cross-origin\" allowfullscreen><\/iframe><\/p>\n<h2>Benjamin Cole &#8211; Tufts University (USA)<\/h2>\n<p><iframe loading=\"lazy\" title=\"At\u00e9 a proxima Benji ? voc\u00ea \u00e9 sempre bem-vindo ?\" width=\"500\" height=\"281\" src=\"https:\/\/www.youtube.com\/embed\/TXBF9ViMYlc?feature=oembed\" frameborder=\"0\" allow=\"accelerometer; autoplay; clipboard-write; encrypted-media; gyroscope; picture-in-picture; web-share\" referrerpolicy=\"strict-origin-when-cross-origin\" allowfullscreen><\/iframe><\/p>\n<p><iframe loading=\"lazy\" title=\"Vem conferir como est\u00e1 sendo a rotina do intercambista Benjamin aqui na Unit ?\" width=\"500\" height=\"281\" src=\"https:\/\/www.youtube.com\/embed\/pFVleig2LIw?feature=oembed\" frameborder=\"0\" allow=\"accelerometer; autoplay; clipboard-write; encrypted-media; gyroscope; picture-in-picture; web-share\" referrerpolicy=\"strict-origin-when-cross-origin\" allowfullscreen><\/iframe><\/p>\n<p><iframe loading=\"lazy\" title=\"Vem acompanhar Benjamin no Iinterc\u00e2mbio aqui na Unit ?\" width=\"500\" height=\"281\" src=\"https:\/\/www.youtube.com\/embed\/Rjp6z38PuuU?feature=oembed\" frameborder=\"0\" allow=\"accelerometer; autoplay; clipboard-write; encrypted-media; gyroscope; picture-in-picture; web-share\" referrerpolicy=\"strict-origin-when-cross-origin\" allowfullscreen><\/iframe><\/p>\n<h2>Daniela Sanchez &#8211; Universidad de Santo Tom\u00e1s (Col\u00f4mbia)<\/h2>\n<p><iframe loading=\"lazy\" title=\"J\u00e1 parou pra pensar nas diferen\u00e7as entre estudar aqui ou na Colombia? Confere a\u00ed ?\" width=\"500\" height=\"281\" src=\"https:\/\/www.youtube.com\/embed\/tr4HHTZR1LQ?feature=oembed\" frameborder=\"0\" allow=\"accelerometer; autoplay; clipboard-write; encrypted-media; gyroscope; picture-in-picture; web-share\" referrerpolicy=\"strict-origin-when-cross-origin\" allowfullscreen><\/iframe><\/p>\n<h2>Camila Ca\u00f1on &#8211; Universidad de Boyac\u00e1 (Col\u00f4mbia)<\/h2>\n<p><iframe loading=\"lazy\" title=\"Os programas de INTERNACIONALIZA\u00c7\u00c3O da Unit ampliam fronteiras para o conhecimento!\" width=\"500\" height=\"281\" src=\"https:\/\/www.youtube.com\/embed\/W0-GxYt7cak?feature=oembed\" frameborder=\"0\" allow=\"accelerometer; autoplay; clipboard-write; encrypted-media; gyroscope; picture-in-picture; web-share\" referrerpolicy=\"strict-origin-when-cross-origin\" allowfullscreen><\/iframe><\/p>\n<\/div>\n<\/div>\n","protected":false},"excerpt":{"rendered":"<p>Benjamin Cole &#8211; Tufts University (USA) Daniela Sanchez &#8211; Universidad de Santo Tom\u00e1s (Col\u00f4mbia) Camila Ca\u00f1on &#8211; Universidad de Boyac\u00e1 (Col\u00f4mbia)<\/p>\n","protected":false},"author":1,"featured_media":0,"parent":0,"menu_order":0,"comment_status":"closed","ping_status":"closed","template":"","meta":{"footnotes":""},"class_list":["post-59","page","type-page","status-publish","hentry"],"_links":{"self":[{"href":"https:\/\/www.grupotiradentes.com\/international\/wp-json\/wp\/v2\/pages\/59","targetHints":{"allow":["GET"]}}],"collection":[{"href":"https:\/\/www.grupotiradentes.com\/international\/wp-json\/wp\/v2\/pages"}],"about":[{"href":"https:\/\/www.grupotiradentes.com\/international\/wp-json\/wp\/v2\/types\/page"}],"author":[{"embeddable":true,"href":"https:\/\/www.grupotiradentes.com\/international\/wp-json\/wp\/v2\/users\/1"}],"replies":[{"embeddable":true,"href":"https:\/\/www.grupotiradentes.com\/international\/wp-json\/wp\/v2\/comments?post=59"}],"version-history":[{"count":11,"href":"https:\/\/www.grupotiradentes.com\/international\/wp-json\/wp\/v2\/pages\/59\/revisions"}],"predecessor-version":[{"id":2064,"href":"https:\/\/www.grupotiradentes.com\/international\/wp-json\/wp\/v2\/pages\/59\/revisions\/2064"}],"wp:attachment":[{"href":"https:\/\/www.grupotiradentes.com\/international\/wp-json\/wp\/v2\/media?parent=59"}],"curies":[{"name":"wp","href":"https:\/\/api.w.org\/{rel}","templated":true}]}}