{"id":36,"date":"2018-03-28T13:04:19","date_gmt":"2018-03-28T16:04:19","guid":{"rendered":"https:\/\/www.grupotiradentes.com\/international\/?page_id=36"},"modified":"2026-03-31T09:14:43","modified_gmt":"2026-03-31T12:14:43","slug":"institucional","status":"publish","type":"page","link":"https:\/\/www.grupotiradentes.com\/international\/institucional\/","title":{"rendered":"Institucional"},"content":{"rendered":"<h2>Quem somos<\/h2>\n<p>A Ger\u00eancia de Rela\u00e7\u00f5es Internacionais (GRI), setor vinculado \u00e0 Vice-Reitoria da Universidade Tiradentes, tem por miss\u00e3o ampliar a gama de parcerias internacionais com o intuito de consolidar a qualidade acad\u00eamica dos cursos e o consequente reconhecimento internacional da Universidade Tiradentes (Aracaju\/Sergipe), do Centro Universit\u00e1rio Tiradentes de Pernambuco (Unit\/PE) e da Faculdade Tiradentes de Goiana (Fits\/Goiana), em Pernambuco.<\/p>\n<p>O Grupo Tiradentes iniciou sua atua\u00e7\u00e3o internacional atrav\u00e9s de programas de mobilidade acad\u00eamica desde o ano de 2008, e atualmente tem as oportunidades ampliadas atrav\u00e9s da coopera\u00e7\u00e3o acad\u00eamica e cient\u00edfica com 40 universidades provenientes de Espanha, Portugal, Let\u00f4nia, Cro\u00e1cia, Argentina, Col\u00f4mbia, M\u00e9xico, Peru, Chile, Uruguai, China e Coreia do Sul.<\/p>\n<p>Atrav\u00e9s das rela\u00e7\u00f5es internacionais, o objetivo do Grupo Tiradentes \u00e9 proporcionar o compartilhamento de conhecimentos e as melhores oportunidades internacionais aos estudantes, docentes e pessoal administrativo que fazem parte do grupo, ampliando assim o desenvolvimento internacional e as percep\u00e7\u00f5es acerca das diferentes matrizes que comp\u00f5em o mundo globalizado, onde a diversidade cultural e a integra\u00e7\u00e3o dos povos devem ser promovidas.<\/p>\n<p>\u00c9 a chamada Mobilidade Acad\u00eamica Internacional que tem lugar garantido na forma\u00e7\u00e3o dos alunos do Grupo Tiradentes e de institui\u00e7\u00f5es educacionais estrangeiras conveniadas, possibilitando o aprendizado acad\u00eamico, de idiomas, de culturas e realidades diversas sem perder o v\u00ednculo com a institui\u00e7\u00e3o de origem. As oportunidades s\u00e3o norteadas pelo<a href=\"https:\/\/www.grupotiradentes.com\/international\/wp-content\/uploads\/2023\/03\/Regulamento-Geral-Mob.-Academica-Discente-de-graduacao.pdf\"> Regulamento Geral de Mobilidade Acad\u00eamica Internacional<\/a>.<\/p>\n<p>Quer fazer parte desse mundo globalizado? Ent\u00e3o, acompanhe o nosso site para mais detalhes sobre as nossas oportunidades!<\/p>\n<div class=\"text-center\">\n<p><iframe loading=\"lazy\" title=\"59 Anos Grupo Tiradentes\" width=\"500\" height=\"281\" src=\"https:\/\/www.youtube.com\/embed\/-AYmaGt-9SY?feature=oembed\" frameborder=\"0\" allow=\"accelerometer; autoplay; clipboard-write; encrypted-media; gyroscope; picture-in-picture; web-share\" referrerpolicy=\"strict-origin-when-cross-origin\" allowfullscreen><\/iframe><\/p>\n<p><label>Conhe\u00e7a a Universidade Tiradentes<\/label><\/p>\n<\/div>\n<h2>Nosso Fundador<\/h2>\n<p>Jouberto Uch\u00f4a de Mendon\u00e7a \u00e9 o fundador do Grupo Tiradentes, que tem o in\u00edcio marcado com a abertura do Col\u00e9gio Tiradentes no ano de 1962. E no decorrer dos 55 anos de exist\u00eancia, a modesta escola de primeiro e segundo graus, fundada em Aracaju cresceu, virou faculdade, universidade e hoje \u00e9 o embri\u00e3o de um projeto vitorioso no Nordeste, com institui\u00e7\u00f5es de ensino superior em Sergipe, Alagoas, Bahia, Pernambuco e Rio Grande do Norte.<\/p>\n<p class=\"text-center\"><img loading=\"lazy\" decoding=\"async\" class=\"alignnone size-full wp-image-37\" src=\"https:\/\/www.grupotiradentes.com\/international\/wp-content\/uploads\/2018\/03\/uchoa.png\" alt=\"Jouberto Uch\u00f4a de Mendon\u00e7a\" width=\"530\" height=\"380\" \/><br \/>\n<small>Jouberto Uch\u00f4a de Mendon\u00e7a<\/small><\/p>\n<p>No curr\u00edculo, o professor Uch\u00f4a, reitor da Universidade Tiradentes, apresenta a forma\u00e7\u00e3o no curso comercial b\u00e1sico na Escola T\u00e9cnica de Com\u00e9rcio Tobias Barreto e o curso de Contabilidade na Escola T\u00e9cnica de Sergipe; al\u00e9m do t\u00edtulo de bacharel em Ci\u00eancias Jur\u00eddicas e p\u00f3s-graduado em Administra\u00e7\u00e3o de Unidades de Ensino, tendo o empreendedorismo como talento e o compromisso com a arte de ensinar e aprender como excel\u00eancia.<\/p>\n<p>Hoje preside o conselho do Grupo Tiradentes, mantenedor da Universidade Tiradentes (Unit\/SE), em Sergipe; do Centro Universit\u00e1rio Tiradentes de Pernambuco (Unit\/PE) e da Faculdade Tiradentes de\u00a0 Goiana (Fits\/Goiana), em Pernambuco.<\/p>\n<p>E mais: Com quatro livros publicados e uma vida dedicada \u00e0 educa\u00e7\u00e3o e \u00e0 preserva\u00e7\u00e3o da mem\u00f3ria sergipana, o professor Uch\u00f4a ocupa a cadeira n\u00famero 23 da Academia Sergipana de Letras (ASL) desde o ano de 2013.<\/p>\n<p>Convicto de que a educa\u00e7\u00e3o \u00e9 a maneira de alcan\u00e7ar o melhor desenvolvimento pessoal e em coletividade, o professor Uch\u00f4a aposta cada vez mais na amplia\u00e7\u00e3o, inova\u00e7\u00e3o e cria\u00e7\u00e3o de oportunidades para alunos, egressos, professores e demais colaboradores da Unit, considerada uma das melhores uma das melhores universidades privadas do Nordeste.<\/p>\n<h2>Hor\u00e1rio de Funcionamento<\/h2>\n<p><strong>UNIT\/SE<\/strong><\/p>\n<p>Dias da semana: segunda a sexta<br \/>\nHor\u00e1rio de atendimento: 8h \u00e0s 12h e 14h \u00e0s 18h<\/p>\n<h2>Equipe T\u00e9cnica<\/h2>\n<p><strong>Selen Carneiro<\/strong><br \/>\nGerente de Rela\u00e7\u00f5es Internacionais<br \/>\nselen_ive@unit.br<br \/>\n<strong>+55 (79) 3218-2297<\/strong><\/p>\n<p><strong>J\u00falia Gubert<\/strong><br \/>\nAssessora de Rela\u00e7\u00f5es Internacionais<br \/>\njulia_gubert@grupotiradentes.com<\/p>\n<p><strong>+55 (79) 3218-2284<\/strong><\/p>\n<p><strong>Jo\u00e3o Pedro Ara\u00fajo<\/strong><br \/>\nAssessor de Rela\u00e7\u00f5es Internacionais<br \/>\njoao_oliveira@unit.br<br \/>\n<strong>+55 (79) 3218-2284<\/strong><\/p>\n<p><strong>Ian Bacellar Cruz Silva<\/strong><br \/>\nAssessor de Rela\u00e7\u00f5es Internacionais<br \/>\nian_bacellar@unit.br<br \/>\n<strong>+55 (79) 3218-2284<\/strong><\/p>\n<p><strong>Daianne Figueiredo<br \/>\n<\/strong>Estagi\u00e1ria<br \/>\ndaianne_figueiredo@unit.br<\/p>\n<p><strong>\u00c1lex<\/strong> <strong>Chagas<br \/>\n<\/strong>Estagi\u00e1ria<br \/>\nalex_chagas@unit.br<\/p>\n","protected":false},"excerpt":{"rendered":"<p>Quem somos A Ger\u00eancia de Rela\u00e7\u00f5es Internacionais (GRI), setor vinculado \u00e0 Vice-Reitoria da Universidade Tiradentes, tem por miss\u00e3o ampliar a gama de parcerias internacionais com o intuito de consolidar a qualidade acad\u00eamica dos cursos e o consequente reconhecimento internacional da Universidade Tiradentes (Aracaju\/Sergipe), do Centro Universit\u00e1rio Tiradentes de Pernambuco (Unit\/PE) e da Faculdade Tiradentes de [&hellip;]<\/p>\n","protected":false},"author":1,"featured_media":0,"parent":0,"menu_order":0,"comment_status":"closed","ping_status":"closed","template":"","meta":{"footnotes":""},"class_list":["post-36","page","type-page","status-publish","hentry"],"_links":{"self":[{"href":"https:\/\/www.grupotiradentes.com\/international\/wp-json\/wp\/v2\/pages\/36","targetHints":{"allow":["GET"]}}],"collection":[{"href":"https:\/\/www.grupotiradentes.com\/international\/wp-json\/wp\/v2\/pages"}],"about":[{"href":"https:\/\/www.grupotiradentes.com\/international\/wp-json\/wp\/v2\/types\/page"}],"author":[{"embeddable":true,"href":"https:\/\/www.grupotiradentes.com\/international\/wp-json\/wp\/v2\/users\/1"}],"replies":[{"embeddable":true,"href":"https:\/\/www.grupotiradentes.com\/international\/wp-json\/wp\/v2\/comments?post=36"}],"version-history":[{"count":43,"href":"https:\/\/www.grupotiradentes.com\/international\/wp-json\/wp\/v2\/pages\/36\/revisions"}],"predecessor-version":[{"id":2681,"href":"https:\/\/www.grupotiradentes.com\/international\/wp-json\/wp\/v2\/pages\/36\/revisions\/2681"}],"wp:attachment":[{"href":"https:\/\/www.grupotiradentes.com\/international\/wp-json\/wp\/v2\/media?parent=36"}],"curies":[{"name":"wp","href":"https:\/\/api.w.org\/{rel}","templated":true}]}}