{"id":257,"date":"2018-08-09T15:44:22","date_gmt":"2018-08-09T18:44:22","guid":{"rendered":"https:\/\/www.grupotiradentes.com\/international\/?page_id=257"},"modified":"2025-10-10T11:56:48","modified_gmt":"2025-10-10T14:56:48","slug":"documentos","status":"publish","type":"page","link":"https:\/\/www.grupotiradentes.com\/international\/documentos\/","title":{"rendered":"Documentos"},"content":{"rendered":"\n<p><strong>Regulamentos:<\/strong><\/p>\n\n\n\n<ul class=\"wp-block-list\">\n<li>Regulamento Geral de Mobilidade Acad\u00eamica Internacional para discentes de gradua\u00e7\u00e3o<\/li>\n\n\n\n<li><a href=\"https:\/\/www.grupotiradentes.com\/international\/wp-content\/uploads\/2025\/10\/REG.UNITSE.006-00-REG-UNIVERSIDADE.pdf\">Regulamento Geral para os Programas de Est\u00e1gios Opcionais Internacionais para o Internato<\/a><\/li>\n<\/ul>\n\n\n\n<p><strong>Modelos de documentos &#8211; ProMAI<\/strong><\/p>\n\n\n\n<ul class=\"wp-block-list\">\n<li><a href=\"https:\/\/www.grupotiradentes.com\/international\/wp-content\/uploads\/2025\/10\/Modelo_Carta-de-Recomendacao.docx\">Carta de Recomenda\u00e7\u00e3o<\/a><\/li>\n\n\n\n<li><a href=\"https:\/\/www.grupotiradentes.com\/international\/wp-content\/uploads\/2025\/10\/Contrato-de-Estudos.docx\">Contrato de Estudos<\/a><\/li>\n\n\n\n<li><a href=\"https:\/\/www.grupotiradentes.com\/international\/wp-content\/uploads\/2025\/10\/Certificate-Of-Arrival.docx\">Certificado de Chegada<\/a><\/li>\n\n\n\n<li><a href=\"https:\/\/www.grupotiradentes.com\/international\/wp-content\/uploads\/2025\/10\/Certificate-Of-Conclusion.docx\">Certificado de Finaliza\u00e7\u00e3o<\/a><\/li>\n<\/ul>\n\n\n\n<p><\/p>\n\n\n\n<ul class=\"wp-block-list\">\n<li><\/li>\n<\/ul>\n\n\n\n<p><\/p>\n","protected":false},"excerpt":{"rendered":"<p>Regulamentos: Modelos de documentos &#8211; ProMAI<\/p>\n","protected":false},"author":3,"featured_media":0,"parent":0,"menu_order":0,"comment_status":"closed","ping_status":"closed","template":"page-padrao.php","meta":{"footnotes":""},"class_list":["post-257","page","type-page","status-publish","hentry"],"_links":{"self":[{"href":"https:\/\/www.grupotiradentes.com\/international\/wp-json\/wp\/v2\/pages\/257","targetHints":{"allow":["GET"]}}],"collection":[{"href":"https:\/\/www.grupotiradentes.com\/international\/wp-json\/wp\/v2\/pages"}],"about":[{"href":"https:\/\/www.grupotiradentes.com\/international\/wp-json\/wp\/v2\/types\/page"}],"author":[{"embeddable":true,"href":"https:\/\/www.grupotiradentes.com\/international\/wp-json\/wp\/v2\/users\/3"}],"replies":[{"embeddable":true,"href":"https:\/\/www.grupotiradentes.com\/international\/wp-json\/wp\/v2\/comments?post=257"}],"version-history":[{"count":8,"href":"https:\/\/www.grupotiradentes.com\/international\/wp-json\/wp\/v2\/pages\/257\/revisions"}],"predecessor-version":[{"id":2549,"href":"https:\/\/www.grupotiradentes.com\/international\/wp-json\/wp\/v2\/pages\/257\/revisions\/2549"}],"wp:attachment":[{"href":"https:\/\/www.grupotiradentes.com\/international\/wp-json\/wp\/v2\/media?parent=257"}],"curies":[{"name":"wp","href":"https:\/\/api.w.org\/{rel}","templated":true}]}}