{"id":2533,"date":"2025-10-10T11:33:52","date_gmt":"2025-10-10T14:33:52","guid":{"rendered":"https:\/\/www.grupotiradentes.com\/international\/?page_id=2533"},"modified":"2025-10-10T11:54:32","modified_gmt":"2025-10-10T14:54:32","slug":"cursos-e-eventos","status":"publish","type":"page","link":"https:\/\/www.grupotiradentes.com\/international\/cursos-e-eventos\/","title":{"rendered":"Cursos e Eventos"},"content":{"rendered":"\n<p>Aqui voc\u00ea poder\u00e1 acompanhar o lan\u00e7amento de cursos, palestras e eventos, que podem ser virtuais ou presenciais.<\/p>\n\n\n\n<h2 class=\"wp-block-heading\">Inscri\u00e7\u00f5es Abertas:<\/h2>\n\n\n\n<p>N\u00e3o temos cursos e eventos com inscri\u00e7\u00f5es abertas no momento!<\/p>\n\n\n\n<h2 class=\"wp-block-heading\">Inscri\u00e7\u00f5es Encerradas:<\/h2>\n\n\n\n<p><a href=\"https:\/\/www.grupotiradentes.com\/international\/curso-internacional-cambridge-health-alliance-2025-topicos-interdisciplinares-em-saude\/\" data-type=\"post\" data-id=\"2462\">Curso Internacional &#8220;T\u00f3picos Interdisciplinares em Sa\u00fade&#8221;<\/a>, em parceria com o Cambridge Health Alliance<\/p>\n\n\n\n<p><a href=\"https:\/\/www.grupotiradentes.com\/international\/palestra-internacional-visitantes-do-cambridge-health-alliance\/\" data-type=\"post\" data-id=\"2414\">Palestra &#8220;O Cambridge Health Alliance e os Protocolos de Sa\u00fade Mental na Aten\u00e7\u00e3o Prim\u00e1ria&#8221;<\/a>, com Elisa Tristan-Cheever e Kirsten Meisinger, do Cambridge Health Alliance<\/p>\n\n\n\n<p><a href=\"https:\/\/www.grupotiradentes.com\/international\/curso-cha-2024\/\" data-type=\"post\" data-id=\"2248\">Curso Internacional &#8220;Inova\u00e7\u00e3o e Tecnologia em Sa\u00fade&#8221;<\/a>, em parceria com o Cambridge Health Alliance<\/p>\n\n\n\n<p><a href=\"https:\/\/www.grupotiradentes.com\/international\/curso-internacional-cambridge-health-alliance-cha\/\" data-type=\"post\" data-id=\"1915\">Curso Internacional &#8220;Cuidados Paliativos e Sa\u00fade Mental&#8221;<\/a>, em parceria com o Cambridge Health Alliance<\/p>\n\n\n\n<p><a href=\"https:\/\/www.grupotiradentes.com\/international\/palestra-internacional-politica-brasileira-e-polarizacao-politica\/\" data-type=\"post\" data-id=\"2031\">Palestra Internacional\u00a0\u201cPol\u00edtica\u00a0Brasileira e\u00a0Polariza\u00e7\u00e3o\u00a0Pol\u00edtica\u201d<\/a>, com S\u00e9rgio Caballero, da Universidad de Deusto (Espanha)<\/p>\n\n\n\n<p><a href=\"https:\/\/www.grupotiradentes.com\/international\/ciclo-de-palestras-internacionais-2023\/\" data-type=\"post\" data-id=\"1900\">Ciclo de Palestras Internacionais 2023<\/a><\/p>\n\n\n\n<p><a href=\"https:\/\/www.grupotiradentes.com\/international\/mit-global-startup-labs-2023\/\" data-type=\"post\" data-id=\"1694\">MIT Global Startup Labs 2023<\/a><\/p>\n\n\n\n<p><a href=\"https:\/\/www.grupotiradentes.com\/international\/professor-visitante-cha-2022-2\/\" data-type=\"post\" data-id=\"1618\">Simp\u00f3sio \u201dCambridge Health Alliance: Compartilhando experi\u00eancias na \u00e1rea da geriatria\u201d<\/a>, com Matthew Corey, do Cambridge Health Alliance<\/p>\n","protected":false},"excerpt":{"rendered":"<p>Aqui voc\u00ea poder\u00e1 acompanhar o lan\u00e7amento de cursos, palestras e eventos, que podem ser virtuais ou presenciais. Inscri\u00e7\u00f5es Abertas: N\u00e3o temos cursos e eventos com inscri\u00e7\u00f5es abertas no momento! Inscri\u00e7\u00f5es Encerradas: Curso Internacional &#8220;T\u00f3picos Interdisciplinares em Sa\u00fade&#8221;, em parceria com o Cambridge Health Alliance Palestra &#8220;O Cambridge Health Alliance e os Protocolos de Sa\u00fade Mental [&hellip;]<\/p>\n","protected":false},"author":8,"featured_media":0,"parent":0,"menu_order":0,"comment_status":"closed","ping_status":"closed","template":"","meta":{"footnotes":""},"class_list":["post-2533","page","type-page","status-publish","hentry"],"_links":{"self":[{"href":"https:\/\/www.grupotiradentes.com\/international\/wp-json\/wp\/v2\/pages\/2533","targetHints":{"allow":["GET"]}}],"collection":[{"href":"https:\/\/www.grupotiradentes.com\/international\/wp-json\/wp\/v2\/pages"}],"about":[{"href":"https:\/\/www.grupotiradentes.com\/international\/wp-json\/wp\/v2\/types\/page"}],"author":[{"embeddable":true,"href":"https:\/\/www.grupotiradentes.com\/international\/wp-json\/wp\/v2\/users\/8"}],"replies":[{"embeddable":true,"href":"https:\/\/www.grupotiradentes.com\/international\/wp-json\/wp\/v2\/comments?post=2533"}],"version-history":[{"count":2,"href":"https:\/\/www.grupotiradentes.com\/international\/wp-json\/wp\/v2\/pages\/2533\/revisions"}],"predecessor-version":[{"id":2543,"href":"https:\/\/www.grupotiradentes.com\/international\/wp-json\/wp\/v2\/pages\/2533\/revisions\/2543"}],"wp:attachment":[{"href":"https:\/\/www.grupotiradentes.com\/international\/wp-json\/wp\/v2\/media?parent=2533"}],"curies":[{"name":"wp","href":"https:\/\/api.w.org\/{rel}","templated":true}]}}