{"id":2530,"date":"2025-10-10T11:22:47","date_gmt":"2025-10-10T14:22:47","guid":{"rendered":"https:\/\/www.grupotiradentes.com\/international\/?page_id=2530"},"modified":"2025-10-10T11:22:47","modified_gmt":"2025-10-10T14:22:47","slug":"outros-programas-internacionais","status":"publish","type":"page","link":"https:\/\/www.grupotiradentes.com\/international\/outros-programas-internacionais\/","title":{"rendered":"Outros Programas Internacionais"},"content":{"rendered":"\n<p>Aqui voc\u00ea poder\u00e1 ficar por dentro de oportunidades sazonais, como cursos e imers\u00f5es ofertadas pelas nossas Institui\u00e7\u00f5es de Ensino Superior (IES) parceiras.<\/p>\n\n\n\n<h2 class=\"wp-block-heading\">Oportunidades com Inscri\u00e7\u00f5es Abertas:<\/h2>\n\n\n\n<p><a href=\"https:\/\/www.grupotiradentes.com\/international\/programa-de-inverno-na-coreia-do-sul-myongji-university\/\" data-type=\"post\" data-id=\"2510\">Imers\u00e3o de Inverno na Coreia do Sul<\/a> &#8211; Myongji University &#8211; Inscri\u00e7\u00f5es at\u00e9 12\/12\/2025<\/p>\n\n\n\n<h2 class=\"wp-block-heading\">Inscri\u00e7\u00f5es Fechadas:<\/h2>\n\n\n\n<p>Unigou Training <\/p>\n\n\n\n<p>Programas Studies in the U.S. Institutions<\/p>\n\n\n\n<p><\/p>\n","protected":false},"excerpt":{"rendered":"<p>Aqui voc\u00ea poder\u00e1 ficar por dentro de oportunidades sazonais, como cursos e imers\u00f5es ofertadas pelas nossas Institui\u00e7\u00f5es de Ensino Superior (IES) parceiras. Oportunidades com Inscri\u00e7\u00f5es Abertas: Imers\u00e3o de Inverno na Coreia do Sul &#8211; Myongji University &#8211; Inscri\u00e7\u00f5es at\u00e9 12\/12\/2025 Inscri\u00e7\u00f5es Fechadas: Unigou Training Programas Studies in the U.S. Institutions<\/p>\n","protected":false},"author":8,"featured_media":0,"parent":0,"menu_order":0,"comment_status":"closed","ping_status":"closed","template":"","meta":{"footnotes":""},"class_list":["post-2530","page","type-page","status-publish","hentry"],"_links":{"self":[{"href":"https:\/\/www.grupotiradentes.com\/international\/wp-json\/wp\/v2\/pages\/2530","targetHints":{"allow":["GET"]}}],"collection":[{"href":"https:\/\/www.grupotiradentes.com\/international\/wp-json\/wp\/v2\/pages"}],"about":[{"href":"https:\/\/www.grupotiradentes.com\/international\/wp-json\/wp\/v2\/types\/page"}],"author":[{"embeddable":true,"href":"https:\/\/www.grupotiradentes.com\/international\/wp-json\/wp\/v2\/users\/8"}],"replies":[{"embeddable":true,"href":"https:\/\/www.grupotiradentes.com\/international\/wp-json\/wp\/v2\/comments?post=2530"}],"version-history":[{"count":1,"href":"https:\/\/www.grupotiradentes.com\/international\/wp-json\/wp\/v2\/pages\/2530\/revisions"}],"predecessor-version":[{"id":2531,"href":"https:\/\/www.grupotiradentes.com\/international\/wp-json\/wp\/v2\/pages\/2530\/revisions\/2531"}],"wp:attachment":[{"href":"https:\/\/www.grupotiradentes.com\/international\/wp-json\/wp\/v2\/media?parent=2530"}],"curies":[{"name":"wp","href":"https:\/\/api.w.org\/{rel}","templated":true}]}}