{"id":2526,"date":"2025-10-10T11:15:49","date_gmt":"2025-10-10T14:15:49","guid":{"rendered":"https:\/\/www.grupotiradentes.com\/international\/?page_id=2526"},"modified":"2026-03-06T16:28:50","modified_gmt":"2026-03-06T19:28:50","slug":"editais","status":"publish","type":"page","link":"https:\/\/www.grupotiradentes.com\/international\/editais\/","title":{"rendered":"Editais &#8211; Estudantes"},"content":{"rendered":"\n<p>Fique por dentro dos nossos Editais para estudantes de Gradua\u00e7\u00e3o! Aqui, voc\u00ea poder\u00e1 verificar processos seletivos em aberto e processos seletivos passados:<\/p>\n\n\n\n<h2 class=\"wp-block-heading\">Inscri\u00e7\u00f5es Abertas:<\/h2>\n\n\n\n<p><a href=\"https:\/\/www.grupotiradentes.com\/international\/programa-laboratorio-social-arquitetura-2026\/\">Programa Laborat\u00f3rio Social (Arquitetura)<\/a> &#8211; Inscri\u00e7\u00f5es at\u00e9 o dia 22 de mar\u00e7o de 2026<\/p>\n\n\n\n<p><a href=\"https:\/\/www.grupotiradentes.com\/international\/promai-2026-1\/\">Programa de Mobilidade Acad\u00eamica Internacional (ProMAI 2026.1)<\/a> &#8211; Inscri\u00e7\u00f5es at\u00e9 o dia 22 de mar\u00e7o de 2026<\/p>\n\n\n\n<p><a href=\"https:\/\/www.grupotiradentes.com\/international\/programa-laboratorio-social-direito-2026\/\">Programa Laborat\u00f3rio Social (Direito)<\/a> &#8211; Inscri\u00e7\u00f5es at\u00e9 o dia 08 de mar\u00e7o de 2026<\/p>\n\n\n\n<h2 class=\"wp-block-heading\">Inscri\u00e7\u00f5es Finalizadas:<\/h2>\n\n\n\n<p><a href=\"http:\/\/www.grupotiradentes.com\/international\/internato-cha-2026\">Programa de Internato no Cambridge Health Alliance<\/a> &#8211; Inscri\u00e7\u00f5es at\u00e9 o dia 22 de fevereiro de 2026<\/p>\n\n\n\n<p><a href=\"https:\/\/www.grupotiradentes.com\/international\/internato-porto-2025\/\" data-type=\"post\" data-id=\"2550\">Internato Opcional na Universidade do Porto &#8211; ICBAS<\/a><\/p>\n\n\n\n<p><a href=\"https:\/\/www.grupotiradentes.com\/international\/promai-2025-2\/\" data-type=\"post\" data-id=\"2482\">ProMAI 2025.2<\/a><\/p>\n\n\n\n<p><a href=\"https:\/\/www.grupotiradentes.com\/international\/aboratorio-social-2025-arquitetura\/\" data-type=\"post\" data-id=\"2343\">Programa Laborat\u00f3rio Social (Arquitetura) 2025<\/a><\/p>\n\n\n\n<p><a href=\"https:\/\/www.grupotiradentes.com\/international\/laboratorio-social-2025-direito\/\" data-type=\"post\" data-id=\"2339\">Programa Laborat\u00f3rio Social (Direito) 2025<\/a><\/p>\n\n\n\n<p><a href=\"https:\/\/www.grupotiradentes.com\/international\/promai-2025-1\/\" data-type=\"post\" data-id=\"2347\">ProMAI 2025.1<\/a><\/p>\n\n\n\n<p><a href=\"https:\/\/www.grupotiradentes.com\/international\/internato-cha-2025\/\" data-type=\"post\" data-id=\"2316\">Clerkship for Medical Students 2025<\/a><\/p>\n\n\n\n<p><\/p>\n","protected":false},"excerpt":{"rendered":"<p>Fique por dentro dos nossos Editais para estudantes de Gradua\u00e7\u00e3o! Aqui, voc\u00ea poder\u00e1 verificar processos seletivos em aberto e processos seletivos passados: Inscri\u00e7\u00f5es Abertas: Programa Laborat\u00f3rio Social (Arquitetura) &#8211; Inscri\u00e7\u00f5es at\u00e9 o dia 22 de mar\u00e7o de 2026 Programa de Mobilidade Acad\u00eamica Internacional (ProMAI 2026.1) &#8211; Inscri\u00e7\u00f5es at\u00e9 o dia 22 de mar\u00e7o de 2026 [&hellip;]<\/p>\n","protected":false},"author":8,"featured_media":0,"parent":0,"menu_order":0,"comment_status":"closed","ping_status":"closed","template":"","meta":{"footnotes":""},"class_list":["post-2526","page","type-page","status-publish","hentry"],"_links":{"self":[{"href":"https:\/\/www.grupotiradentes.com\/international\/wp-json\/wp\/v2\/pages\/2526","targetHints":{"allow":["GET"]}}],"collection":[{"href":"https:\/\/www.grupotiradentes.com\/international\/wp-json\/wp\/v2\/pages"}],"about":[{"href":"https:\/\/www.grupotiradentes.com\/international\/wp-json\/wp\/v2\/types\/page"}],"author":[{"embeddable":true,"href":"https:\/\/www.grupotiradentes.com\/international\/wp-json\/wp\/v2\/users\/8"}],"replies":[{"embeddable":true,"href":"https:\/\/www.grupotiradentes.com\/international\/wp-json\/wp\/v2\/comments?post=2526"}],"version-history":[{"count":10,"href":"https:\/\/www.grupotiradentes.com\/international\/wp-json\/wp\/v2\/pages\/2526\/revisions"}],"predecessor-version":[{"id":2648,"href":"https:\/\/www.grupotiradentes.com\/international\/wp-json\/wp\/v2\/pages\/2526\/revisions\/2648"}],"wp:attachment":[{"href":"https:\/\/www.grupotiradentes.com\/international\/wp-json\/wp\/v2\/media?parent=2526"}],"curies":[{"name":"wp","href":"https:\/\/api.w.org\/{rel}","templated":true}]}}