{"id":2437,"date":"2025-04-29T11:13:52","date_gmt":"2025-04-29T14:13:52","guid":{"rendered":"https:\/\/www.grupotiradentes.com\/international\/?page_id=2437"},"modified":"2025-11-07T17:17:52","modified_gmt":"2025-11-07T20:17:52","slug":"universidades-por-curso","status":"publish","type":"page","link":"https:\/\/www.grupotiradentes.com\/international\/universidades-por-curso\/","title":{"rendered":"Institui\u00e7\u00f5es parceiras do Grupo Tiradentes"},"content":{"rendered":"\n<h1 class=\"wp-block-heading has-text-align-center\"><a href=\"https:\/\/www.grupotiradentes.com\/international\/wp-content\/uploads\/2025\/05\/Anexo-IV-Cursos-Aptos-2025.1.xlsx\">Conhe\u00e7a as universidades dispon\u00edveis para seu curso!<\/a><\/h1>\n\n\n\n<h1 class=\"wp-block-heading\"><\/h1>\n\n\n\n<p><strong><u>\u00c1frica do Sul<\/u><\/strong><\/p>\n\n\n\n<ul class=\"wp-block-list\">\n<li><a href=\"https:\/\/www.uj.ac.za\/\">University of Johannesburg<\/a><\/li>\n<\/ul>\n\n\n\n<p><strong><u>Argentina:<\/u><\/strong><\/p>\n\n\n\n<ul class=\"wp-block-list\">\n<li><a href=\"https:\/\/www.unq.edu.ar\/\">Universidad Nacional de Quilmes<\/a><\/li>\n\n\n\n<li><a href=\"https:\/\/www.ucongreso.edu.ar\/\">Universidad de Congreso<\/a><\/li>\n\n\n\n<li><a href=\"https:\/\/untref.edu.ar\/\">Universidad Nacional de Tres De Febrero<\/a><\/li>\n<\/ul>\n\n\n\n<p><strong><u>Canad\u00e1:<\/u><\/strong><\/p>\n\n\n\n<ul class=\"wp-block-list\">\n<li><a href=\"https:\/\/www.lakeheadu.ca\/\">Lakehead University<\/a> (Programas espec\u00edficos)<\/li>\n<\/ul>\n\n\n\n<p><strong><u>Chile<\/u><\/strong>:<\/p>\n\n\n\n<ul class=\"wp-block-list\">\n<li><a href=\"https:\/\/www.umayor.cl\/santiago\">Universidad Mayor<\/a><\/li>\n\n\n\n<li><a href=\"https:\/\/portal.ucm.cl\/\">Universidad Cat\u00f3lica del Maule<\/a><\/li>\n<\/ul>\n\n\n\n<p><strong><u>China:<\/u><\/strong><\/p>\n\n\n\n<ul class=\"wp-block-list\">\n<li><a href=\"https:\/\/www.must.edu.mo\/index.html?locale=en_US\">Macau University of Science and Technology<\/a><\/li>\n<\/ul>\n\n\n\n<p><strong><u>Col\u00f4mbia:<\/u><\/strong><\/p>\n\n\n\n<ul class=\"wp-block-list\">\n<li><a href=\"https:\/\/www.uniboyaca.edu.co\/es?srsltid=AfmBOopZ0vfQrbGBxefM1-ULYTMMP-pQ5GwnKGW_ZNecViJ5NlwPGxxs\">Universidad de Boyac\u00e1<\/a><\/li>\n\n\n\n<li><a href=\"https:\/\/santototunja.edu.co\/\">Universidad de Santo Tom\u00e1s Tunja<\/a><\/li>\n\n\n\n<li><a href=\"https:\/\/www.uniatlantico.edu.co\/\">Universidad del Atl\u00e1ntico<\/a><\/li>\n\n\n\n<li><a href=\"https:\/\/www.uniminuto.edu\/\">Corporaci\u00f3n Universitaria Minuto de Dios<\/a><\/li>\n<\/ul>\n\n\n\n<p><strong><u>Cro\u00e1cia:<\/u><\/strong><\/p>\n\n\n\n<ul class=\"wp-block-list\">\n<li><a href=\"https:\/\/www.unios.hr\/en\/\">Josip Juraj Strossmayer University of Osijek<\/a><\/li>\n<\/ul>\n\n\n\n<p><strong><u>Espanha:<\/u><\/strong><\/p>\n\n\n\n<ul class=\"wp-block-list\">\n<li><a href=\"https:\/\/www.ubu.es\/\">Universidad de Burgos<\/a><\/li>\n\n\n\n<li><a href=\"https:\/\/www.uclm.es\/\">Universidad de Castilla-La Mancha<\/a><\/li>\n\n\n\n<li><a href=\"https:\/\/www.deusto.es\/es\/inicio\">Universidad de Deusto<\/a><\/li>\n\n\n\n<li><a href=\"https:\/\/www.ujaen.es\/\">Universidad de Ja\u00e9n<\/a><\/li>\n\n\n\n<li><a href=\"https:\/\/www.uma.es\/\">Universidad de M\u00e1laga<\/a><\/li>\n\n\n\n<li><a href=\"https:\/\/www.usal.es\/\">Universidad de Salamanca<\/a><\/li>\n\n\n\n<li><a href=\"https:\/\/www.us.es\/\">Universidad de Sevilla<\/a><\/li>\n\n\n\n<li><a href=\"https:\/\/www.uva.es\/export\/sites\/uva\/\">Universidad de Valladolid<\/a><\/li>\n\n\n\n<li><a href=\"https:\/\/www.uneatlantico.es\/\">Universidad Europea del Atl\u00e1ntico<\/a><\/li>\n\n\n\n<li><a href=\"https:\/\/www.unir.net\/\">Universidad Internacional de La Rioja<\/a> <\/li>\n\n\n\n<li><a href=\"https:\/\/www.upsa.es\/en\" data-type=\"link\" data-id=\"https:\/\/www.upsa.es\/en\">Universidad Pontif\u00edcia de Salamanca<\/a><\/li>\n\n\n\n<li><a href=\"https:\/\/www.url.edu\/en\">Universitat Ramon Llull<\/a><\/li>\n<\/ul>\n\n\n\n<p><strong><u>Estados Unidos:<\/u><\/strong><\/p>\n\n\n\n<ul class=\"wp-block-list\">\n<li><a href=\"https:\/\/www.challiance.org\/\">Cambridge Health Alliance<\/a> (Programas Espec\u00edficos)<\/li>\n\n\n\n<li><a href=\"https:\/\/www.mcphs.edu\/\">Massachusetts College of Pharmacy and Health Sciences<\/a> (Programas Espec\u00edficos)<\/li>\n<\/ul>\n\n\n\n<p><strong><u>Gr\u00e9cia:<\/u><\/strong><\/p>\n\n\n\n<ul class=\"wp-block-list\">\n<li><a href=\"https:\/\/www.unipi.gr\/en\/home\/\">University of Piraeus<\/a><\/li>\n<\/ul>\n\n\n\n<p><strong><u>It\u00e1lia:<\/u><\/strong><\/p>\n\n\n\n<ul class=\"wp-block-list\">\n<li><a href=\"https:\/\/www.unisg.it\/corsi-iscrizioni\/laurea-triennale\/\">Universit\u00e0 degli Studi Di Scienze Gastonomiche<\/a><\/li>\n<\/ul>\n\n\n\n<p><strong><u>Let\u00f4nia:<\/u><\/strong><\/p>\n\n\n\n<ul class=\"wp-block-list\">\n<li><a href=\"https:\/\/isma.lv\/en\/\">ISMA University<\/a> (Programas espec\u00edficos)<\/li>\n\n\n\n<li><a href=\"https:\/\/www.rtu.lv\/en\">Riga Technical University<\/a><\/li>\n<\/ul>\n\n\n\n<p><strong><u>M\u00e9xico:<\/u><\/strong><\/p>\n\n\n\n<ul class=\"wp-block-list\">\n<li><a href=\"https:\/\/merida.anahuac.mx\/\">Universidad Anahuac Mayab<\/a><\/li>\n\n\n\n<li><a href=\"https:\/\/nuevoingreso.uaemex.mx\/convocatoria\">Universidad Aut\u00f3noma del Estado de M\u00e9xico<\/a><\/li>\n\n\n\n<li><a href=\"https:\/\/www.xoc.uam.mx\/\">Universidad Aut\u00f3noma Metropolitana &#8211; Unidad Xochimilco&nbsp;<\/a><\/li>\n\n\n\n<li><a href=\"https:\/\/www.udg.mx\/\">Universidad de Guadalajara<\/a><\/li>\n\n\n\n<li><a href=\"https:\/\/www.udem.edu.mx\/es\">Universidad de Monterrey<\/a><\/li>\n\n\n\n<li><a href=\"https:\/\/www.uic.mx\/\">Universidad Intercontinental<\/a><\/li>\n\n\n\n<li><a href=\"https:\/\/www.upaep.mx\/\">Universidad Popular Aut\u00f3noma Del Estado de Puebla<\/a><\/li>\n\n\n\n<li><a href=\"https:\/\/www.uvaq.edu.mx\/\">Universidad Vasco de Quiroga<\/a><\/li>\n\n\n\n<li><a href=\"https:\/\/www.u-erre.talisis.com\/\">Universidad Regiomontana<\/a><\/li>\n\n\n\n<li><a href=\"https:\/\/www.uv.mx\/\">Universidad Veracruzana<\/a><\/li>\n<\/ul>\n\n\n\n<p><strong><u>Mo\u00e7ambique:<\/u><\/strong><\/p>\n\n\n\n<ul class=\"wp-block-list\">\n<li><a href=\"https:\/\/uem.mz\/\">Universidade Eduardo Mondlane<\/a><\/li>\n<\/ul>\n\n\n\n<p><strong><u>Peru:<\/u><\/strong><\/p>\n\n\n\n<ul class=\"wp-block-list\">\n<li><a href=\"https:\/\/ucsm.edu.pe\/\">Universidad Catolica de Santa Mar\u00eda<\/a><\/li>\n\n\n\n<li><a href=\"https:\/\/www.uss.edu.pe\/\">Universidad Se\u00f1or de Sip\u00e1n<\/a><\/li>\n<\/ul>\n\n\n\n<p><strong><u>Portugal:<\/u><\/strong><\/p>\n\n\n\n<ul class=\"wp-block-list\">\n<li><a href=\"https:\/\/www.ipb.pt\">Instituto Polit\u00e9cnico de Bragan\u00e7a<\/a><\/li>\n\n\n\n<li><a href=\"https:\/\/www.ipcb.pt\">Instituto Polit\u00e9cnico de Castelo Branco<\/a><\/li>\n\n\n\n<li><a href=\"https:\/\/www.ipc.pt\">Instituto Polit\u00e9cnico de Coimbra<\/a><\/li>\n\n\n\n<li><a href=\"https:\/\/www.ipg.pt\">Instituto Polit\u00e9cnico da Guarda<\/a><\/li>\n\n\n\n<li><a href=\"https:\/\/www.ipleiria.pt\">Instituto Polit\u00e9cnico de Leiria<\/a><\/li>\n\n\n\n<li><a href=\"https:\/\/www.ipp.pt\">Instituto Polit\u00e9cnico do Porto<\/a>\n<ul class=\"wp-block-list\">\n<li><a href=\"https:\/\/www.isep.ipp.pt\/\">Instituto Superior de Engenharia do Porto<\/a><\/li>\n\n\n\n<li><a href=\"https:\/\/www.ess.ipp.pt\/\">Escola Superior de Sa\u00fade<\/a><\/li>\n\n\n\n<li><a href=\"https:\/\/www.estg.ipp.pt\/\">Escola Superior de Tecnologia e Gest\u00e3o de Felgueiras<\/a><\/li>\n<\/ul>\n<\/li>\n\n\n\n<li><a href=\"https:\/\/www.ua.pt\">Universidade de Aveiro<\/a><\/li>\n\n\n\n<li><a href=\"https:\/\/www.uc.pt\/\">Universidade de Coimbra<\/a> &#8211; Apenas para o curso de Engenharia Qu\u00edmica<\/li>\n\n\n\n<li><a href=\"https:\/\/www.uevora.pt\">Universidade de \u00c9vora<\/a><\/li>\n\n\n\n<li><a href=\"https:\/\/www.ulisboa.pt\">Universidade de Lisboa<\/a> &#8211; Apenas para a Faculdade de Direito<\/li>\n\n\n\n<li><a href=\"https:\/\/www.utad.pt\">Universidade de Tr\u00e1s-os-Montes e Alto Douro<\/a><\/li>\n\n\n\n<li><a href=\"https:\/\/www.up.pt\">Universidade do Porto<\/a><\/li>\n\n\n\n<li><a href=\"https:\/\/ipiaget.org\">Instituto Piaget<\/a><\/li>\n\n\n\n<li><a href=\"https:\/\/www.ufp.pt\">Universidade Fernando Pessoa<\/a><\/li>\n\n\n\n<li><a href=\"https:\/\/www.ulusofona.pt\/\">Universidade Lus\u00f3fona do Porto<\/a><\/li>\n<\/ul>\n\n\n\n<p><strong><u>Reino Unido:<\/u><\/strong><\/p>\n\n\n\n<ul class=\"wp-block-list\">\n<li><a href=\"https:\/\/www.chi.ac.uk\/\">University of Chichester<\/a><\/li>\n<\/ul>\n\n\n\n<p><strong><u>Rep\u00fablica da Coreia:<\/u><\/strong><\/p>\n\n\n\n<ul class=\"wp-block-list\">\n<li><a href=\"https:\/\/www.mju.ac.kr\/us\/index.do\">Myongji University<\/a><\/li>\n\n\n\n<li><a href=\"https:\/\/www.catholic.ac.kr\/en\/index.do\">The Catholic University of Korea<\/a><\/li>\n<\/ul>\n\n\n\n<p><strong><u>Uruguai:<\/u><\/strong><\/p>\n\n\n\n<ul class=\"wp-block-list\">\n<li><a href=\"https:\/\/www.ucu.edu.uy\/\">Universidad Cat\u00f3lica del Uruguay<\/a><\/li>\n<\/ul>\n\n\n\n<p><\/p>\n","protected":false},"excerpt":{"rendered":"<p>Conhe\u00e7a as universidades dispon\u00edveis para seu curso! \u00c1frica do Sul Argentina: Canad\u00e1: Chile: China: Col\u00f4mbia: Cro\u00e1cia: Espanha: Estados Unidos: Gr\u00e9cia: It\u00e1lia: Let\u00f4nia: M\u00e9xico: Mo\u00e7ambique: Peru: Portugal: Reino Unido: Rep\u00fablica da Coreia: Uruguai:<\/p>\n","protected":false},"author":8,"featured_media":0,"parent":0,"menu_order":0,"comment_status":"closed","ping_status":"closed","template":"","meta":{"footnotes":""},"class_list":["post-2437","page","type-page","status-publish","hentry"],"_links":{"self":[{"href":"https:\/\/www.grupotiradentes.com\/international\/wp-json\/wp\/v2\/pages\/2437","targetHints":{"allow":["GET"]}}],"collection":[{"href":"https:\/\/www.grupotiradentes.com\/international\/wp-json\/wp\/v2\/pages"}],"about":[{"href":"https:\/\/www.grupotiradentes.com\/international\/wp-json\/wp\/v2\/types\/page"}],"author":[{"embeddable":true,"href":"https:\/\/www.grupotiradentes.com\/international\/wp-json\/wp\/v2\/users\/8"}],"replies":[{"embeddable":true,"href":"https:\/\/www.grupotiradentes.com\/international\/wp-json\/wp\/v2\/comments?post=2437"}],"version-history":[{"count":12,"href":"https:\/\/www.grupotiradentes.com\/international\/wp-json\/wp\/v2\/pages\/2437\/revisions"}],"predecessor-version":[{"id":2565,"href":"https:\/\/www.grupotiradentes.com\/international\/wp-json\/wp\/v2\/pages\/2437\/revisions\/2565"}],"wp:attachment":[{"href":"https:\/\/www.grupotiradentes.com\/international\/wp-json\/wp\/v2\/media?parent=2437"}],"curies":[{"name":"wp","href":"https:\/\/api.w.org\/{rel}","templated":true}]}}