{"id":208,"date":"2019-03-12T14:12:11","date_gmt":"2019-03-12T17:12:11","guid":{"rendered":"https:\/\/www.grupotiradentes.com\/international\/?page_id=208"},"modified":"2023-06-12T15:53:10","modified_gmt":"2023-06-12T18:53:10","slug":"buddy","status":"publish","type":"page","link":"https:\/\/www.grupotiradentes.com\/international\/buddy\/","title":{"rendered":"Programa Buddy"},"content":{"rendered":"\n<p><strong>O que \u00e9 o programa Buddy?<\/strong><\/p>\n\n\n\n<p>Buddy \u00e9 um programa de acolhimento que visa auxiliar o aluno internacional durante sua transi\u00e7\u00e3o e adapta\u00e7\u00e3o a mobilidade acad\u00eamica.<\/p>\n\n\n\n<p><strong>Qual a dura\u00e7\u00e3o do programa Buddy?<\/strong><\/p>\n\n\n\n<p>O Programa Buddy \u00e9 permanente, ou seja, as inscri\u00e7\u00f5es ficam abertas durante todo o ano para os alunos realizarem as inscri\u00e7\u00f5es. Atrav\u00e9s de um processo seletivo a Ger\u00eancia de Rela\u00e7\u00f5es Internacionais colocar\u00e1 o aluno Tiradentes em contato com o visitante.<\/p>\n\n\n\n<p>Que tipo de aux\u00edlio o estudante Tiradentes deve prestar ao aluno internacional?<\/p>\n\n\n\n<ul class=\"wp-block-list\">\n<li>Acompanhamento e orienta\u00e7\u00f5es pr\u00e1ticas em transporte, moradia, vistos e planejamento financeiro;<\/li>\n\n\n\n<li>Aux\u00edlios burocr\u00e1ticos e institucionais;<\/li>\n\n\n\n<li>Atividades de socializa\u00e7\u00e3o, lazer e turismo;<\/li>\n<\/ul>\n\n\n\n<p>Participe do Programa Buddy e tenha um Certificado de Extens\u00e3o (40h) que ir\u00e1 proporcionar a chance de fazer amizades internacionais.<\/p>\n\n\n\n<p>Se voc\u00ea deseja se tornar um Buddy por favor, inscreva-se no link a seguir:<\/p>\n\n\n\n<p class=\"has-text-align-center\" style=\"font-size:30px\"><strong>INSCREVA-SE <a href=\"https:\/\/forms.gle\/Xv9tLaDyYwchLuaA9\">AQUI<\/a><\/strong><\/p>\n\n\n<div class=\"wp-block-image is-style-default\">\n<figure class=\"aligncenter size-large is-resized\"><img loading=\"lazy\" decoding=\"async\" src=\"https:\/\/www.grupotiradentes.com\/international\/wp-content\/uploads\/2023\/06\/CARTAZ_PROGRAMA-BUDDY_2023.2-1-724x1024.jpg\" alt=\"\" class=\"wp-image-1927\" width=\"671\" height=\"992\"\/><\/figure>\n<\/div>","protected":false},"excerpt":{"rendered":"<p>O que \u00e9 o programa Buddy? Buddy \u00e9 um programa de acolhimento que visa auxiliar o aluno internacional durante sua transi\u00e7\u00e3o e adapta\u00e7\u00e3o a mobilidade acad\u00eamica. Qual a dura\u00e7\u00e3o do programa Buddy? O Programa Buddy \u00e9 permanente, ou seja, as inscri\u00e7\u00f5es ficam abertas durante todo o ano para os alunos realizarem as inscri\u00e7\u00f5es. Atrav\u00e9s de [&hellip;]<\/p>\n","protected":false},"author":1,"featured_media":607,"parent":0,"menu_order":0,"comment_status":"closed","ping_status":"closed","template":"","meta":{"footnotes":""},"class_list":["post-208","page","type-page","status-publish","has-post-thumbnail","hentry"],"_links":{"self":[{"href":"https:\/\/www.grupotiradentes.com\/international\/wp-json\/wp\/v2\/pages\/208","targetHints":{"allow":["GET"]}}],"collection":[{"href":"https:\/\/www.grupotiradentes.com\/international\/wp-json\/wp\/v2\/pages"}],"about":[{"href":"https:\/\/www.grupotiradentes.com\/international\/wp-json\/wp\/v2\/types\/page"}],"author":[{"embeddable":true,"href":"https:\/\/www.grupotiradentes.com\/international\/wp-json\/wp\/v2\/users\/1"}],"replies":[{"embeddable":true,"href":"https:\/\/www.grupotiradentes.com\/international\/wp-json\/wp\/v2\/comments?post=208"}],"version-history":[{"count":11,"href":"https:\/\/www.grupotiradentes.com\/international\/wp-json\/wp\/v2\/pages\/208\/revisions"}],"predecessor-version":[{"id":1928,"href":"https:\/\/www.grupotiradentes.com\/international\/wp-json\/wp\/v2\/pages\/208\/revisions\/1928"}],"wp:featuredmedia":[{"embeddable":true,"href":"https:\/\/www.grupotiradentes.com\/international\/wp-json\/wp\/v2\/media\/607"}],"wp:attachment":[{"href":"https:\/\/www.grupotiradentes.com\/international\/wp-json\/wp\/v2\/media?parent=208"}],"curies":[{"name":"wp","href":"https:\/\/api.w.org\/{rel}","templated":true}]}}