{"id":134,"date":"2018-03-28T16:52:35","date_gmt":"2018-03-28T19:52:35","guid":{"rendered":"https:\/\/www.grupotiradentes.com\/international\/?page_id=134"},"modified":"2021-05-10T11:40:17","modified_gmt":"2021-05-10T14:40:17","slug":"tiradentes-institute","status":"publish","type":"page","link":"https:\/\/www.grupotiradentes.com\/international\/tiradentes-institute\/","title":{"rendered":"Tiradentes Institute"},"content":{"rendered":"<p style=\"text-align: center;\"><strong><a href=\"https:\/\/tiradentesinstitute.com\/\">Conhe\u00e7a o site do Tiradentes Institute!<\/a><\/strong><\/p>\n<p>Expandindo a excel\u00eancia em educa\u00e7\u00e3o no exterior, o Grupo Tiradentes firmou parceria com a University Massachussets Boston (UMass Boston), em 2015, para a implanta\u00e7\u00e3o do Tiradentes Institute, que tem como objetivo o desenvolvimento de pesquisas, incentivar a mobilidade estudantil, promover a troca de conhecimento cient\u00edfico, bem como proporcionar aos estudantes viv\u00eancias internacionais motivadoras e formadoras de profissionais qualificados e capacitados para enfrentar os desafios do mundo globalizado.<\/p>\n<p>O Tiradentes Institute foi inaugurado no dia 15 de dezembro de 2017 dentro do campus da UMass Boston, como suporte para alunos, professores e pesquisadores das duas IES que desejem aperfei\u00e7oar conhecimentos por meio de uma experi\u00eancia internacional, multicultural. Al\u00e9m de orienta\u00e7\u00f5es sobre programas de mobilidade acad\u00eamica, ser\u00e3o ofertados cursos livres \u2013 a exemplo de idioma instrumental em \u00e1reas como Direito, Engenharia e Medicina \u2013, que preparem melhor os estudantes para o aprendizado em outro pa\u00eds.<\/p>\n<p>Com ineditismo, o primeiro instituto em Boston de uma Universidade Particular Brasileiras j\u00e1 se compromete em estreitar cada vez mais rela\u00e7\u00f5es com institui\u00e7\u00f5es americanas para o desenvolvimento de pesquisas, projetos de dupla-titula\u00e7\u00e3o e outros projetos que tragam sempre a qualidade da forma\u00e7\u00e3o em primeiro lugar, promovendo a troca de conhecimentos cient\u00edficos e a forma\u00e7\u00e3o de profissionais e cidad\u00e3os capazes de contribuir para o desenvolvimento da sociedade, no Brasil, nos Estados Unidos e em todo o mundo.<\/p>\n","protected":false},"excerpt":{"rendered":"<p>Conhe\u00e7a o site do Tiradentes Institute! Expandindo a excel\u00eancia em educa\u00e7\u00e3o no exterior, o Grupo Tiradentes firmou parceria com a University Massachussets Boston (UMass Boston), em 2015, para a implanta\u00e7\u00e3o do Tiradentes Institute, que tem como objetivo o desenvolvimento de pesquisas, incentivar a mobilidade estudantil, promover a troca de conhecimento cient\u00edfico, bem como proporcionar aos [&hellip;]<\/p>\n","protected":false},"author":1,"featured_media":0,"parent":0,"menu_order":0,"comment_status":"closed","ping_status":"closed","template":"","meta":{"footnotes":""},"class_list":["post-134","page","type-page","status-publish","hentry"],"_links":{"self":[{"href":"https:\/\/www.grupotiradentes.com\/international\/wp-json\/wp\/v2\/pages\/134","targetHints":{"allow":["GET"]}}],"collection":[{"href":"https:\/\/www.grupotiradentes.com\/international\/wp-json\/wp\/v2\/pages"}],"about":[{"href":"https:\/\/www.grupotiradentes.com\/international\/wp-json\/wp\/v2\/types\/page"}],"author":[{"embeddable":true,"href":"https:\/\/www.grupotiradentes.com\/international\/wp-json\/wp\/v2\/users\/1"}],"replies":[{"embeddable":true,"href":"https:\/\/www.grupotiradentes.com\/international\/wp-json\/wp\/v2\/comments?post=134"}],"version-history":[{"count":3,"href":"https:\/\/www.grupotiradentes.com\/international\/wp-json\/wp\/v2\/pages\/134\/revisions"}],"predecessor-version":[{"id":1224,"href":"https:\/\/www.grupotiradentes.com\/international\/wp-json\/wp\/v2\/pages\/134\/revisions\/1224"}],"wp:attachment":[{"href":"https:\/\/www.grupotiradentes.com\/international\/wp-json\/wp\/v2\/media?parent=134"}],"curies":[{"name":"wp","href":"https:\/\/api.w.org\/{rel}","templated":true}]}}