{"id":2976,"date":"2015-04-17T09:11:33","date_gmt":"2015-04-17T12:11:33","guid":{"rendered":"http:\/\/www.grupotiradentes.com\/intercambio\/?page_id=2976"},"modified":"2015-09-25T14:47:25","modified_gmt":"2015-09-25T17:47:25","slug":"programa-de-host","status":"publish","type":"page","link":"https:\/\/www.grupotiradentes.com\/intercambio\/programas\/programa-de-host\/","title":{"rendered":"Programa de Host"},"content":{"rendered":"<p>O Grupo Tiradentes n\u00e3o disp\u00f5e de alojamentos para estudantes estrangeiros. Por conta disso, as Rela\u00e7\u00f5es Internacionais auxiliam os alunos internacionais a encontrarem alojamentos em casa de fam\u00edlia ou em casa com outros estudantes brasileiros e\/ou internacionais.<\/p>\n<p>Caso voc\u00ea deseje receber um aluno estrangeiro na sua resid\u00eancia, se cadastre no nosso banco de dados.<br \/>\n[button color=&#8221;red&#8221; link=&#8221;https:\/\/podio.com\/webforms\/13572477\/917864&#8243;]Fa\u00e7a seu cadastro[\/button] <\/p>\n<p>O banco de dados n\u00e3o \u00e9 disponibilizado diretamente aos alunos estrangeiros. O controle \u00e9 somente realizado pelas Rela\u00e7\u00f5es Internacionais que realizam o alinhamento de perfil entre os alunos estrangeiros e os poss\u00edveis locais de hospedagem. <\/p>\n<p>As d\u00favidas sobre hospedagem de estudantes de gradua\u00e7\u00e3o de institui\u00e7\u00f5es estrangeiras dever\u00e3o ser encaminhadas para intercambio@unit.br<\/p>\n","protected":false},"excerpt":{"rendered":"<p>O Grupo Tiradentes n\u00e3o disp\u00f5e de alojamentos para estudantes estrangeiros. Por conta disso, as Rela\u00e7\u00f5es Internacionais auxiliam os alunos internacionais a encontrarem alojamentos em casa de fam\u00edlia ou em casa com outros estudantes brasileiros e\/ou internacionais. Caso voc\u00ea deseje receber um aluno estrangeiro na sua resid\u00eancia, se cadastre no nosso banco de dados. [button color=&#8221;red&#8221;<\/p>\n","protected":false},"author":5,"featured_media":0,"parent":2219,"menu_order":0,"comment_status":"open","ping_status":"open","template":"","meta":{"footnotes":""},"class_list":["post-2976","page","type-page","status-publish"],"_links":{"self":[{"href":"https:\/\/www.grupotiradentes.com\/intercambio\/wp-json\/wp\/v2\/pages\/2976","targetHints":{"allow":["GET"]}}],"collection":[{"href":"https:\/\/www.grupotiradentes.com\/intercambio\/wp-json\/wp\/v2\/pages"}],"about":[{"href":"https:\/\/www.grupotiradentes.com\/intercambio\/wp-json\/wp\/v2\/types\/page"}],"author":[{"embeddable":true,"href":"https:\/\/www.grupotiradentes.com\/intercambio\/wp-json\/wp\/v2\/users\/5"}],"replies":[{"embeddable":true,"href":"https:\/\/www.grupotiradentes.com\/intercambio\/wp-json\/wp\/v2\/comments?post=2976"}],"version-history":[{"count":4,"href":"https:\/\/www.grupotiradentes.com\/intercambio\/wp-json\/wp\/v2\/pages\/2976\/revisions"}],"predecessor-version":[{"id":3164,"href":"https:\/\/www.grupotiradentes.com\/intercambio\/wp-json\/wp\/v2\/pages\/2976\/revisions\/3164"}],"up":[{"embeddable":true,"href":"https:\/\/www.grupotiradentes.com\/intercambio\/wp-json\/wp\/v2\/pages\/2219"}],"wp:attachment":[{"href":"https:\/\/www.grupotiradentes.com\/intercambio\/wp-json\/wp\/v2\/media?parent=2976"}],"curies":[{"name":"wp","href":"https:\/\/api.w.org\/{rel}","templated":true}]}}