{"id":2973,"date":"2015-04-17T09:06:25","date_gmt":"2015-04-17T12:06:25","guid":{"rendered":"http:\/\/www.grupotiradentes.com\/intercambio\/?page_id=2973"},"modified":"2017-04-27T10:07:22","modified_gmt":"2017-04-27T13:07:22","slug":"intercambio-de-idiomas","status":"publish","type":"page","link":"https:\/\/www.grupotiradentes.com\/intercambio\/programas\/intercambio-de-idiomas\/","title":{"rendered":"Interc\u00e2mbio de Idiomas"},"content":{"rendered":"<p>As Rela\u00e7\u00f5es Internacionais do Grupo Tiradentes possui parcerias que possibilitam a realiza\u00e7\u00e3o deste sonho. Voc\u00ea pode aprender ingl\u00eas, espanhol, franc\u00eas, italiano e alem\u00e3o no exterior!<\/p>\n<p>Para esse tipo de interc\u00e2mbio, n\u00e3o \u00e9 necess\u00e1rio a abertura de um edital. Caso voc\u00ea tenha interesse em alguma dessas oportunidades nos procure e enviaremos para o seu e-mail todas as informa\u00e7\u00f5es detalhadas a respeito dos cursos.<\/p>\n<p>Veja abaixo mais informa\u00e7\u00f5es sobre cada uma das nossas oportunidades:<\/p>\n<h3><strong>Estude Ingl\u00eas no Canad\u00e1!<\/strong><\/h3>\n<p><a href=\"http:\/\/www.grupotiradentes.com\/intercambio\/wp-content\/uploads\/sites\/5\/2015\/02\/university-of-victoria-aerial-view.jpg\"><img loading=\"lazy\" decoding=\"async\" class=\"alignnone wp-image-2830 size-large\" src=\"http:\/\/www.grupotiradentes.com\/intercambio\/wp-content\/uploads\/sites\/5\/2015\/02\/university-of-victoria-aerial-view-1024x682.jpg\" alt=\"University of Victoria\" width=\"702\" height=\"467\" srcset=\"https:\/\/www.grupotiradentes.com\/intercambio\/wp-content\/uploads\/sites\/5\/2015\/02\/university-of-victoria-aerial-view-1024x682.jpg 1024w, https:\/\/www.grupotiradentes.com\/intercambio\/wp-content\/uploads\/sites\/5\/2015\/02\/university-of-victoria-aerial-view-300x200.jpg 300w, https:\/\/www.grupotiradentes.com\/intercambio\/wp-content\/uploads\/sites\/5\/2015\/02\/university-of-victoria-aerial-view.jpg 1152w\" sizes=\"auto, (max-width: 702px) 100vw, 702px\" \/><\/a><br \/>\nA <em>University of Victoria<\/em> \u00e9 considerada a Universidade n\u00ba 1 do Canad\u00e1 sem uma faculdade de medicina possuindo programas de Gradua\u00e7\u00e3o Personalizados com mais de 20.000 estudantes, incluindo mais de 2.000 alunos internacionais de 112 pa\u00edses. Para mais informa\u00e7\u00f5es sobre a University of Victoria, <a href=\"http:\/\/www.uvic.ca\/\">acesse o site<\/a>.<\/p>\n<p>&nbsp;<\/p>\n<h3><strong>Estudo Ingl\u00eas na Irlanda!<\/strong><\/h3>\n<p><a href=\"http:\/\/www.grupotiradentes.com\/intercambio\/wp-content\/uploads\/sites\/5\/2015\/02\/dublin-city-university-001.jpg\"><img loading=\"lazy\" decoding=\"async\" class=\"alignnone wp-image-2830 size-large\" src=\"http:\/\/www.grupotiradentes.com\/intercambio\/wp-content\/uploads\/sites\/5\/2015\/02\/dublin-city-university-001.jpg\" alt=\"DCU\" width=\"702\" height=\"467\" \/><\/a><br \/>\nA Dublin City University (DCU) \u00e9 uma Universidade fundada em 1980 que \u00e9 l\u00edder nacional e internacional em Educa\u00e7\u00e3o para Comunica\u00e7\u00e3o e L\u00ednguas, Neg\u00f3cios, Ci\u00eancia e Eletr\u00f4nica e Tecnologia de Computadores. Ela conta com 11.000 alunos e est\u00e1 localizada em \u00e1rea residencial segura e distante 5km da cidade de Dublin e a 7 km do Aeroporto de Dublin. Para mais informa\u00e7\u00f5es sobre a DCU, <a href=\"http:\/\/www.english.dcu.ie\/\">acesse o site<\/a>.<\/p>\n<p>Para obter mais informa\u00e7\u00f5es sobre os pr\u00e9-requisitos, valores e condi\u00e7\u00f5es, entre em contato com as Rela\u00e7\u00f5es Internacionais.<\/p>\n<h3><strong>Estude Franc\u00eas no Canad\u00e1!<\/strong><\/h3>\n<p><a href=\"http:\/\/www.grupotiradentes.com\/intercambio\/wp-content\/uploads\/sites\/5\/2015\/05\/5.1-c-about-quebec-city.jpg\"><img loading=\"lazy\" decoding=\"async\" class=\"alignnone wp-image-2830 size-large\" src=\"http:\/\/www.grupotiradentes.com\/intercambio\/wp-content\/uploads\/sites\/5\/2015\/05\/5.1-c-about-quebec-city.jpg\" alt=\"DCU\" width=\"702\" height=\"467\" \/><\/a><br \/>\nA Edu-inter \u00e9 uma escola de imers\u00e3o em franc\u00eas que oferece diferentes programas de franc\u00eas para adultos, adolescentes e professores de franc\u00eas de todo o mundo que s\u00e3o baseados no Marco Comum Europeu de Refer\u00eancia para as L\u00ednguas; consequentemente eles coincidem com programas oferecidos pela Alliance Fran\u00e7aise e preparam os estudantes para exames reconhecidos pelo mundo, como o DELF, DALF, TEFAQ, TCF e TFI. S\u00e3o oferecidos 7 n\u00edveis de cursos de franc\u00eas, desde o iniciante at\u00e9 o avan\u00e7ado, em classes com m\u00e9dia de 7 a 9 alunos para facilitar a instru\u00e7\u00e3o personalizada. Para mais informa\u00e7\u00f5es sobre a Edu-inter, <a href=\"http:\/\/learningfrenchinquebec.com\/pt-br\/\">acesse o site<\/a>.<\/p>\n<p>Para obter mais informa\u00e7\u00f5es sobre os pr\u00e9-requisitos, valores e condi\u00e7\u00f5es, entre em contato com as Rela\u00e7\u00f5es Internacionais.<\/p>\n<h3><strong>Estude Alem\u00e3o na Alemanha!<\/strong><\/h3>\n<p><a href=\"http:\/\/www.grupotiradentes.com\/intercambio\/wp-content\/uploads\/sites\/5\/2015\/05\/Portao-de-Brandenburgertor.jpg\"><img loading=\"lazy\" decoding=\"async\" class=\"alignnone wp-image-2830 size-large\" src=\"http:\/\/www.grupotiradentes.com\/intercambio\/wp-content\/uploads\/sites\/5\/2015\/05\/Portao-de-Brandenburgertor.jpg\" alt=\"DCU\" width=\"702\" height=\"467\" \/><\/a><br \/>\nO Goethe-Institut \u00e9 o Instituto Cultural da Rep\u00fablica Federal da Alemanha, fundado no ano de 1951 em Munique. Atualmente, os 12 centros do Instituto Goethe na Alemanha tem o objetivo de divulgar pelo mundo, em especial pa\u00edses n\u00e3o-falantes do idioma alem\u00e3o, a l\u00edngua e a cultura alem\u00e3. As suas principais atividades s\u00e3o o ensino da l\u00edngua alem\u00e3 como segundo idioma e fortalecer as rela\u00e7\u00f5es culturais internacionais da Alemanha. Para mais informa\u00e7\u00f5es sobre a Goethe, <a href=\"http:\/\/www.goethe.de\/ins\/br\/lp\/ptindex.htm\">acesse o site<\/a>.<\/p>\n<p>Para obter mais informa\u00e7\u00f5es sobre os pr\u00e9-requisitos, valores e condi\u00e7\u00f5es, entre em contato com as Rela\u00e7\u00f5es Internacionais.<\/p>\n<h3><strong>Estude Italiano na It\u00e1lia!<\/strong><\/h3>\n<p><a href=\"http:\/\/www.grupotiradentes.com\/intercambio\/wp-content\/uploads\/sites\/5\/2015\/04\/Rione-Trevi.jpg\"><img loading=\"lazy\" decoding=\"async\" class=\"alignnone wp-image-2830 size-large\" src=\"http:\/\/www.grupotiradentes.com\/intercambio\/wp-content\/uploads\/sites\/5\/2015\/04\/Rione-Trevi.jpg\" alt=\"DCU\" width=\"702\" height=\"467\" \/><\/a><\/p>\n<p>A Torre di Babele foi fundada em 1984 por um grupo de professores especializados no ensino de l\u00ednguas e desde ent\u00e3o, a escola focou a sua atividade em dois campos: no ensino do italiano para estrangeiros e na forma\u00e7\u00e3o de professores de italiano, tornando-se assim em um ponto de refer\u00eancia para estudantes provenientes de todas as partes do mundo, que encontram e fazem da Torre di Babele um ambiente culturalmente rico, estimulante e amig\u00e1vel. Para mais informa\u00e7\u00f5es sobre a Torre di Babele, <a href=\"http:\/\/www.torredibabele.com\/pt\/\">acesse o site<\/a>.<\/p>\n","protected":false},"excerpt":{"rendered":"<p>As Rela\u00e7\u00f5es Internacionais do Grupo Tiradentes possui parcerias que possibilitam a realiza\u00e7\u00e3o deste sonho. Voc\u00ea pode aprender ingl\u00eas, espanhol, franc\u00eas, italiano e alem\u00e3o no exterior! Para esse tipo de interc\u00e2mbio, n\u00e3o \u00e9 necess\u00e1rio a abertura de um edital. Caso voc\u00ea tenha interesse em alguma dessas oportunidades nos procure e enviaremos para o seu e-mail todas<\/p>\n","protected":false},"author":5,"featured_media":0,"parent":2219,"menu_order":0,"comment_status":"open","ping_status":"open","template":"","meta":{"footnotes":""},"class_list":["post-2973","page","type-page","status-publish"],"_links":{"self":[{"href":"https:\/\/www.grupotiradentes.com\/intercambio\/wp-json\/wp\/v2\/pages\/2973","targetHints":{"allow":["GET"]}}],"collection":[{"href":"https:\/\/www.grupotiradentes.com\/intercambio\/wp-json\/wp\/v2\/pages"}],"about":[{"href":"https:\/\/www.grupotiradentes.com\/intercambio\/wp-json\/wp\/v2\/types\/page"}],"author":[{"embeddable":true,"href":"https:\/\/www.grupotiradentes.com\/intercambio\/wp-json\/wp\/v2\/users\/5"}],"replies":[{"embeddable":true,"href":"https:\/\/www.grupotiradentes.com\/intercambio\/wp-json\/wp\/v2\/comments?post=2973"}],"version-history":[{"count":13,"href":"https:\/\/www.grupotiradentes.com\/intercambio\/wp-json\/wp\/v2\/pages\/2973\/revisions"}],"predecessor-version":[{"id":3894,"href":"https:\/\/www.grupotiradentes.com\/intercambio\/wp-json\/wp\/v2\/pages\/2973\/revisions\/3894"}],"up":[{"embeddable":true,"href":"https:\/\/www.grupotiradentes.com\/intercambio\/wp-json\/wp\/v2\/pages\/2219"}],"wp:attachment":[{"href":"https:\/\/www.grupotiradentes.com\/intercambio\/wp-json\/wp\/v2\/media?parent=2973"}],"curies":[{"name":"wp","href":"https:\/\/api.w.org\/{rel}","templated":true}]}}