{"id":2971,"date":"2015-04-17T09:04:16","date_gmt":"2015-04-17T12:04:16","guid":{"rendered":"http:\/\/www.grupotiradentes.com\/intercambio\/?page_id=2971"},"modified":"2015-04-23T11:29:59","modified_gmt":"2015-04-23T14:29:59","slug":"erasmus-mundus","status":"publish","type":"page","link":"https:\/\/www.grupotiradentes.com\/intercambio\/programas\/erasmus-mundus\/","title":{"rendered":"Erasmus Mundus"},"content":{"rendered":"<p>O Grupo Tiradentes, atrav\u00e9s da Universidade Tiradentes participou de um cons\u00f3rcio liderado pela Universidade Nova de Lisboa que tem por objetivo estreitar a coopera\u00e7\u00e3o entre a Uni\u00e3o Europeia e institui\u00e7\u00f5es de ensino superior da Am\u00e9rica Latina. O projeto ter\u00e1 dura\u00e7\u00e3o de 48 meses e distribuir\u00e1 bolsas de gradua\u00e7\u00e3o, mestrado, doutorado e p\u00f3s-doutorado entre as institui\u00e7\u00f5es parceiras. O projeto\u00a0<b>FELLOW-MUNDUS<\/b>\u00a0\u00e9 uma parceria no \u00e2mbito do\u00a0<a href=\"http:\/\/eacea.ec.europa.eu\/erasmus_mundus\/programme\/action2_en.php\" target=\"_blank\">Erasmus Mundus A\u00e7\u00e3o 2<\/a>, que visa contribuir, atrav\u00e9s da mobilidade de estudantes e de pessoal docente e n\u00e3o docente, para o refor\u00e7o dos la\u00e7os sustent\u00e1veis nas \u00e1reas da educa\u00e7\u00e3o, cultura, economia, ci\u00eancia e tecnologia, entre a Uni\u00e3o Europeia e os pa\u00edses Latino-Americanos. O projeto visa refor\u00e7ar a coopera\u00e7\u00e3o entre as Institui\u00e7\u00f5es de Ensino Superior da Uni\u00e3o Europeia e as Universidades latino-americanas, possibilitando a mobilidade de estudantes, investigadores e pessoal acad\u00eamico e administrativo atrav\u00e9s de um esquema de atribui\u00e7\u00e3o de bolsas, desenvolvendo o curriculum individual, refor\u00e7ando a transfer\u00eancia do conhecimento e a partilha de experi\u00eancias e de boas pr\u00e1ticas. Permitir\u00e1 \u00e0s Institui\u00e7\u00f5es de Ensino Superior da Am\u00e9rica Latina criarem um sistema de mobilidade universit\u00e1ria, desenhado de acordo com a\u00a0<a href=\"http:\/\/ec.europa.eu\/education\/higher-education\/bologna_en.htm\" target=\"_blank\">Declara\u00e7\u00e3o de Bolonha\u00a0<\/a>e as diretrizes do\u00a0<a href=\"http:\/\/eacea.ec.europa.eu\/llp\/erasmus\/erasmus_en.php\" target=\"_blank\">Programa Erasmus<\/a>.<br \/>\nPara maiores informa\u00e7\u00f5es sobre Fellow Mundus, clique<a href=\"http:\/\/fellow.unl.pt\/index.php\/pt\"> aqui<\/a>.<\/p>\n<p>O projeto <b>Euro-Brazilian Windows +<\/b> (com o apoio financeiro atribu\u00eddo pela Comiss\u00e3o Europeia atrav\u00e9s do Programa Erasmus Mundus) ofereceu bolsas a estudantes, pesquisadores e pessoal acad\u00eamico e administrativo do Brasil que desejem realizar um per\u00edodo de mobilidade, ou forma\u00e7\u00e3o integral, em algumas das melhores universidades da Europa. As bolsas estavam dispon\u00edveis para estudantes de gradua\u00e7\u00e3o e doutorado, pesquisadores em p\u00f3s-doutorado e pessoal acad\u00eamico e administrativo e incluem um pagamento mensal, viagem de ida e volta, seguro e taxas de matr\u00edcula.<br \/>\nPara maiores informa\u00e7\u00f5es sobre o EBW+, clique<a href=\"http:\/\/ebwplus.up.pt\/\"> aqui<\/a>. Consulte tamb\u00e9m a 1\u00aa edi\u00e7\u00e3o da <a href=\"http:\/\/ebwplus.up.pt\/newsletter\">newsletter<\/a> do Programa EBW+.<\/p>\n","protected":false},"excerpt":{"rendered":"<p>O Grupo Tiradentes, atrav\u00e9s da Universidade Tiradentes participou de um cons\u00f3rcio liderado pela Universidade Nova de Lisboa que tem por objetivo estreitar a coopera\u00e7\u00e3o entre a Uni\u00e3o Europeia e institui\u00e7\u00f5es de ensino superior da Am\u00e9rica Latina. O projeto ter\u00e1 dura\u00e7\u00e3o de 48 meses e distribuir\u00e1 bolsas de gradua\u00e7\u00e3o, mestrado, doutorado e p\u00f3s-doutorado entre as institui\u00e7\u00f5es<\/p>\n","protected":false},"author":5,"featured_media":0,"parent":2219,"menu_order":0,"comment_status":"open","ping_status":"open","template":"","meta":{"footnotes":""},"class_list":["post-2971","page","type-page","status-publish"],"_links":{"self":[{"href":"https:\/\/www.grupotiradentes.com\/intercambio\/wp-json\/wp\/v2\/pages\/2971","targetHints":{"allow":["GET"]}}],"collection":[{"href":"https:\/\/www.grupotiradentes.com\/intercambio\/wp-json\/wp\/v2\/pages"}],"about":[{"href":"https:\/\/www.grupotiradentes.com\/intercambio\/wp-json\/wp\/v2\/types\/page"}],"author":[{"embeddable":true,"href":"https:\/\/www.grupotiradentes.com\/intercambio\/wp-json\/wp\/v2\/users\/5"}],"replies":[{"embeddable":true,"href":"https:\/\/www.grupotiradentes.com\/intercambio\/wp-json\/wp\/v2\/comments?post=2971"}],"version-history":[{"count":3,"href":"https:\/\/www.grupotiradentes.com\/intercambio\/wp-json\/wp\/v2\/pages\/2971\/revisions"}],"predecessor-version":[{"id":2995,"href":"https:\/\/www.grupotiradentes.com\/intercambio\/wp-json\/wp\/v2\/pages\/2971\/revisions\/2995"}],"up":[{"embeddable":true,"href":"https:\/\/www.grupotiradentes.com\/intercambio\/wp-json\/wp\/v2\/pages\/2219"}],"wp:attachment":[{"href":"https:\/\/www.grupotiradentes.com\/intercambio\/wp-json\/wp\/v2\/media?parent=2971"}],"curies":[{"name":"wp","href":"https:\/\/api.w.org\/{rel}","templated":true}]}}