{"id":2967,"date":"2015-04-17T09:01:53","date_gmt":"2015-04-17T12:01:53","guid":{"rendered":"http:\/\/www.grupotiradentes.com\/intercambio\/?page_id=2967"},"modified":"2015-04-17T09:01:53","modified_gmt":"2015-04-17T12:01:53","slug":"ciencia-sem-fronteiras","status":"publish","type":"page","link":"https:\/\/www.grupotiradentes.com\/intercambio\/programas\/ciencia-sem-fronteiras\/","title":{"rendered":"Ci\u00eancia sem Fronteiras"},"content":{"rendered":"<p>Programa desenvolvido pelo Governo Federal que busca promover a internacionaliza\u00e7\u00e3o e a competitividade brasileira por meio do intercambio e da mobilidade internacional. At\u00e9 o ano de 2014, ser\u00e3o distribu\u00eddas 101.000 bolsas sandu\u00edche para estudantes brasileiros da IES credenciadas a participar do programa. Objetivos: <\/p>\n<p>[list style=&#8221;arrow-right&#8221;]<br \/>\n[li]Investir na forma\u00e7\u00e3o de pessoal altamente qualificado nas compet\u00eancias e habilidades necess\u00e1rias para o avan\u00e7o da sociedade do conhecimento;[\/li]<br \/>\n[li]Aumentar a presen\u00e7a de pesquisadores e estudantes de v\u00e1rios n\u00edveis em institui\u00e7\u00f5es de excel\u00eancia no exterior;\u00a0[\/li]<br \/>\n[li]Promover a inser\u00e7\u00e3o internacional das institui\u00e7\u00f5es brasileiras pela abertura de oportunidades semelhantes para cientistas e estudantes estrangeiros;[\/li]<br \/>\n[li]Ampliar o conhecimento inovador de pessoal das ind\u00fastrias tecnol\u00f3gicas; [\/li]<br \/>\n[li]Atrair jovens talentos cient\u00edficos e investigadores altamente qualificados para trabalhar no Brasil.[\/li]<br \/>\n[li]No Programa Ci\u00eancia sem Fronteiras, as \u00e1reas contempladas s\u00e3o:[\/li]<br \/>\n[li]Engenharias e demais \u00e1reas tecnol\u00f3gicas;[\/li]<br \/>\n[li]Ci\u00eancias Exatas e da Terra;[\/li]<br \/>\n  [li]Biologia, Ci\u00eancias Biom\u00e9dicas e da Sa\u00fade;[\/li]<br \/>\n  [li]Computa\u00e7\u00e3o e Tecnologias da Informa\u00e7\u00e3o;[\/li]<br \/>\n  [li]Tecnologia Aeroespacial;[\/li]<br \/>\n  [li]F\u00e1rmacos;[\/li]<br \/>\n  [li]Produ\u00e7\u00e3o Agr\u00edcola Sustent\u00e1vel;[\/li]<br \/>\n  [li]Petr\u00f3leo, G\u00e1s e Carv\u00e3o Mineral;[\/li]<br \/>\n  [li]Energias Renov\u00e1veis;[\/li]<br \/>\n  [li]Tecnologia Mineral;[\/li]<br \/>\n  [li]Biotecnologia;[\/li]<br \/>\n  [li]Nanotecnologia e Novos Materiais;[\/li]<br \/>\n  [li]Tecnologias de Preven\u00e7\u00e3o e Mitiga\u00e7\u00e3o de Desastres Naturais;[\/li]<br \/>\n  [li]Biodiversidade e Bioprospec\u00e7\u00e3o;[\/li]<br \/>\n  [li]Ci\u00eancias do Mar;[\/li]<br \/>\n  [li]Ind\u00fastria Criativa (voltada a produtos e processos para desenvolvimento tecnol\u00f3gico e inova\u00e7\u00e3o);[\/li]<br \/>\n  [li]Novas Tecnologias de Engenharia Construtiva;[\/li]<br \/>\n  [li]Forma\u00e7\u00e3o de Tecn\u00f3logos.[\/li]<br \/>\n[\/list]<br \/>\nPara maiores informa\u00e7\u00f5es sobre Ci\u00eancias sem Fronteiras, <a href=\"http:\/\/www.cienciasemfronteiras.gov.br\/web\/csf\">Clique aqui<\/a>.<\/p>\n","protected":false},"excerpt":{"rendered":"<p>Programa desenvolvido pelo Governo Federal que busca promover a internacionaliza\u00e7\u00e3o e a competitividade brasileira por meio do intercambio e da mobilidade internacional. At\u00e9 o ano de 2014, ser\u00e3o distribu\u00eddas 101.000 bolsas sandu\u00edche para estudantes brasileiros da IES credenciadas a participar do programa. Objetivos: [list style=&#8221;arrow-right&#8221;] [li]Investir na forma\u00e7\u00e3o de pessoal altamente qualificado nas compet\u00eancias e<\/p>\n","protected":false},"author":5,"featured_media":0,"parent":2219,"menu_order":0,"comment_status":"open","ping_status":"open","template":"","meta":{"footnotes":""},"class_list":["post-2967","page","type-page","status-publish"],"_links":{"self":[{"href":"https:\/\/www.grupotiradentes.com\/intercambio\/wp-json\/wp\/v2\/pages\/2967","targetHints":{"allow":["GET"]}}],"collection":[{"href":"https:\/\/www.grupotiradentes.com\/intercambio\/wp-json\/wp\/v2\/pages"}],"about":[{"href":"https:\/\/www.grupotiradentes.com\/intercambio\/wp-json\/wp\/v2\/types\/page"}],"author":[{"embeddable":true,"href":"https:\/\/www.grupotiradentes.com\/intercambio\/wp-json\/wp\/v2\/users\/5"}],"replies":[{"embeddable":true,"href":"https:\/\/www.grupotiradentes.com\/intercambio\/wp-json\/wp\/v2\/comments?post=2967"}],"version-history":[{"count":1,"href":"https:\/\/www.grupotiradentes.com\/intercambio\/wp-json\/wp\/v2\/pages\/2967\/revisions"}],"predecessor-version":[{"id":2968,"href":"https:\/\/www.grupotiradentes.com\/intercambio\/wp-json\/wp\/v2\/pages\/2967\/revisions\/2968"}],"up":[{"embeddable":true,"href":"https:\/\/www.grupotiradentes.com\/intercambio\/wp-json\/wp\/v2\/pages\/2219"}],"wp:attachment":[{"href":"https:\/\/www.grupotiradentes.com\/intercambio\/wp-json\/wp\/v2\/media?parent=2967"}],"curies":[{"name":"wp","href":"https:\/\/api.w.org\/{rel}","templated":true}]}}