{"id":2452,"date":"2014-05-15T16:46:18","date_gmt":"2014-05-15T19:46:18","guid":{"rendered":"http:\/\/www.grupotiradentes.com\/intercambio\/?page_id=2452"},"modified":"2015-04-13T11:34:54","modified_gmt":"2015-04-13T14:34:54","slug":"blogs","status":"publish","type":"page","link":"https:\/\/www.grupotiradentes.com\/intercambio\/blogs\/","title":{"rendered":"Blogs"},"content":{"rendered":"<p>As Rela\u00e7\u00f5es Internacionais do Grupo Tiradentes incentivam todos os alunos que ir\u00e3o sair para mobilidade acad\u00eamica a registrarem suas experi\u00eancias internacionais. Esse espa\u00e7o \u00e9 dedicado a apresentar algumas viv\u00eancias dos estudantes durante seu per\u00edodo no exterior. Caso voc\u00ea queira nos enviar alguma novidade do exterior, lembre-se \u00e9 s\u00f3 entrar em contato conosco atrav\u00e9s do e-mail relacoes_internacionais@unit.br<\/p>\n<p>Blogs indicados:<br \/>\n[list style=&#8221;file&#8221;]<br \/>\n[li]<a href=\"http:\/\/mindwithoutborders.wordpress.com\/\">Mind Without Borders &#8211; Daniel Caldas<\/a>[\/li]<br \/>\n[li]<a href=\"http:\/\/diariodeintercambiodarapha.blogspot.com.br\/\">Di\u00e1rio de Interc\u00e2mbio &#8211; Raphaella Ingrid<\/a>[\/li]<br \/>\n[li]<a href=\"http:\/\/www.biomedicinabrasil.com\/\">Biomedicina Brasil &#8211; Raphaella Ingrid<\/a>[\/li]<br \/>\n[li]<a href=\"http:\/\/diariodeintercambiosemfronteiras.blogspot.com.br\/\">Di\u00e1rio de Interc\u00e2mbio sem fronteiras &#8211; Suelen Maiara<\/a>[\/li]<br \/>\n[\/list]<\/p>\n","protected":false},"excerpt":{"rendered":"<p>As Rela\u00e7\u00f5es Internacionais do Grupo Tiradentes incentivam todos os alunos que ir\u00e3o sair para mobilidade acad\u00eamica a registrarem suas experi\u00eancias internacionais. Esse espa\u00e7o \u00e9 dedicado a apresentar algumas viv\u00eancias dos estudantes durante seu per\u00edodo no exterior. Caso voc\u00ea queira nos enviar alguma novidade do exterior, lembre-se \u00e9 s\u00f3 entrar em contato conosco atrav\u00e9s do e-mail<\/p>\n","protected":false},"author":4,"featured_media":0,"parent":0,"menu_order":0,"comment_status":"open","ping_status":"open","template":"","meta":{"footnotes":""},"class_list":["post-2452","page","type-page","status-publish"],"_links":{"self":[{"href":"https:\/\/www.grupotiradentes.com\/intercambio\/wp-json\/wp\/v2\/pages\/2452","targetHints":{"allow":["GET"]}}],"collection":[{"href":"https:\/\/www.grupotiradentes.com\/intercambio\/wp-json\/wp\/v2\/pages"}],"about":[{"href":"https:\/\/www.grupotiradentes.com\/intercambio\/wp-json\/wp\/v2\/types\/page"}],"author":[{"embeddable":true,"href":"https:\/\/www.grupotiradentes.com\/intercambio\/wp-json\/wp\/v2\/users\/4"}],"replies":[{"embeddable":true,"href":"https:\/\/www.grupotiradentes.com\/intercambio\/wp-json\/wp\/v2\/comments?post=2452"}],"version-history":[{"count":8,"href":"https:\/\/www.grupotiradentes.com\/intercambio\/wp-json\/wp\/v2\/pages\/2452\/revisions"}],"predecessor-version":[{"id":2956,"href":"https:\/\/www.grupotiradentes.com\/intercambio\/wp-json\/wp\/v2\/pages\/2452\/revisions\/2956"}],"wp:attachment":[{"href":"https:\/\/www.grupotiradentes.com\/intercambio\/wp-json\/wp\/v2\/media?parent=2452"}],"curies":[{"name":"wp","href":"https:\/\/api.w.org\/{rel}","templated":true}]}}