{"id":2281,"date":"2014-05-12T14:24:10","date_gmt":"2014-05-12T17:24:10","guid":{"rendered":"http:\/\/www.grupotiradentes.com\/intercambio\/?page_id=2281"},"modified":"2015-04-13T11:32:16","modified_gmt":"2015-04-13T14:32:16","slug":"orgaos-de-fomento","status":"publish","type":"page","link":"https:\/\/www.grupotiradentes.com\/intercambio\/orgaos-de-fomento\/","title":{"rendered":"\u00d3rg\u00e3os de fomento"},"content":{"rendered":"<p>[list style=&#8221;file&#8221;]<br \/>\n[li]<a href=\"http:\/\/www.cnpq.br\">CNPq \u2013 Conselho Nacional de Desenvolvimento Cient\u00edfico e Tecnol\u00f3gico<\/a>[\/li]<br \/>\n[li]<a href=\"http:\/\/www.fapesp.br\">FAPESP \u2013 Funda\u00e7\u00e3o de Amparo \u00e0 Pesquisa do Estado de S\u00e3o Paulo<\/a>[\/li]<br \/>\n[li]<a href=\"http:\/\/www.capes.gov.br\">Funda\u00e7\u00e3o CAPES \u2013 Funda\u00e7\u00e3o de Aperfei\u00e7oamento de Pessoal de N\u00edvel Superior<\/a>[\/li]<br \/>\n[\/list]<\/p>\n","protected":false},"excerpt":{"rendered":"<p>[list style=&#8221;file&#8221;] [li]CNPq \u2013 Conselho Nacional de Desenvolvimento Cient\u00edfico e Tecnol\u00f3gico[\/li] [li]FAPESP \u2013 Funda\u00e7\u00e3o de Amparo \u00e0 Pesquisa do Estado de S\u00e3o Paulo[\/li] [li]Funda\u00e7\u00e3o CAPES \u2013 Funda\u00e7\u00e3o de Aperfei\u00e7oamento de Pessoal de N\u00edvel Superior[\/li] [\/list]<\/p>\n","protected":false},"author":1,"featured_media":0,"parent":0,"menu_order":0,"comment_status":"open","ping_status":"open","template":"","meta":{"footnotes":""},"class_list":["post-2281","page","type-page","status-publish"],"_links":{"self":[{"href":"https:\/\/www.grupotiradentes.com\/intercambio\/wp-json\/wp\/v2\/pages\/2281","targetHints":{"allow":["GET"]}}],"collection":[{"href":"https:\/\/www.grupotiradentes.com\/intercambio\/wp-json\/wp\/v2\/pages"}],"about":[{"href":"https:\/\/www.grupotiradentes.com\/intercambio\/wp-json\/wp\/v2\/types\/page"}],"author":[{"embeddable":true,"href":"https:\/\/www.grupotiradentes.com\/intercambio\/wp-json\/wp\/v2\/users\/1"}],"replies":[{"embeddable":true,"href":"https:\/\/www.grupotiradentes.com\/intercambio\/wp-json\/wp\/v2\/comments?post=2281"}],"version-history":[{"count":4,"href":"https:\/\/www.grupotiradentes.com\/intercambio\/wp-json\/wp\/v2\/pages\/2281\/revisions"}],"predecessor-version":[{"id":2954,"href":"https:\/\/www.grupotiradentes.com\/intercambio\/wp-json\/wp\/v2\/pages\/2281\/revisions\/2954"}],"wp:attachment":[{"href":"https:\/\/www.grupotiradentes.com\/intercambio\/wp-json\/wp\/v2\/media?parent=2281"}],"curies":[{"name":"wp","href":"https:\/\/api.w.org\/{rel}","templated":true}]}}