{"id":2279,"date":"2014-05-12T14:23:14","date_gmt":"2014-05-12T17:23:14","guid":{"rendered":"http:\/\/www.grupotiradentes.com\/intercambio\/?page_id=2279"},"modified":"2015-04-13T11:29:02","modified_gmt":"2015-04-13T14:29:02","slug":"vistoscpfrne","status":"publish","type":"page","link":"https:\/\/www.grupotiradentes.com\/intercambio\/vistoscpfrne\/","title":{"rendered":"Vistos\/CPF\/RNE"},"content":{"rendered":"<h4>Passaporte<\/h4>\n<p>Para obter o passaporte, o aluno brasileiro dever\u00e1 procurar a Pol\u00edcia Federal. Para mais informa\u00e7\u00f5es, consulte o site do <a href=\"http:\/\/www.dpf.gov.br\/servicos\/passaporte\">Departamento da Pol\u00edcia Federal<\/a>.<\/p>\n<h4>Vistos para Brasileiros<\/h4>\n<p>O aluno do Grupo Tiradentes dever\u00e1 verificar se precisa obter visto para viajar, atrav\u00e9s do consulado do pa\u00eds de seu interesse. Caso seja necess\u00e1rio, o mesmo dever\u00e1 solicitar seu visto. A solicita\u00e7\u00e3o do visto de entrada em um pa\u00eds \u00e9 total responsabilidade do aluno intercambista e o Consulado e\/ou Embaixada tem total autonomia para conceder ou n\u00e3o a entrada de pessoas no pa\u00eds.<\/p>\n<h4>Vistos para Estrangeiros<\/h4>\n<p>Os estrangeiros que far\u00e3o mobilidade no Grupo Tiradentes devem procurar o consulado brasileiro em seu pa\u00eds de origem para obter o visto, mediante carta de aceite enviada pelas Rela\u00e7\u00f5es Internacionais do Grupo Tiradentes.<\/p>\n<h4>Cadastro de Pessoa F\u00edsica (CPF)<\/h4>\n<p>O estrangeiro em mobilidade no Grupo Tiradentes precisar\u00e1 fazer o Cadastro da Pessoa F\u00edsica (CPF) para dar prosseguimento na realiza\u00e7\u00e3o de sua matr\u00edcula em uma das nossas Unidades do Grupo Tiradentes. Para maiores informa\u00e7\u00f5es, consulte o site da <a href=\"http:\/\/www.receita.fazenda.gov.br\/pessoafisica\/cpf\/InscricaoResidentesBrasilExterior.html\">Receita Federal<\/a>.<\/p>\n<h4>Registro Nacional de Estrangeiros (RNE)<\/h4>\n<p>O estrangeiro em mobilidade no Grupo Tiradentes dever\u00e1 dirigir-se \u00e0 unidade da Pol\u00edcia Federal mais pr\u00f3xima de onde fixar resid\u00eancia, munido de documentos, no prazo de at\u00e9 30 (trinta) dias corridos da entrada no Pa\u00eds. Para mais informa\u00e7\u00f5es, consulte o site da <a href=\"http:\/\/www.dpf.gov.br\/servicos\/estrangeiro\/emitir-cedula-de-identidade-de-estrangeiro\">Pol\u00edcia Federal<\/a>.<\/p>\n<p>Importante: os estrangeiros, nacionais dos pa\u00edses de l\u00edngua portuguesa, est\u00e3o isentos do pagamento da taxa de registro na Pol\u00edcia Federal, bem como sua prorroga\u00e7\u00e3o,  sendo que dever\u00e3o recolher a taxa para expedi\u00e7\u00e3o da c\u00e9dula de identidade de estrangeiro, de acordo com o decreto que versa sobre o assunto. \u00c9 necess\u00e1rio verificar com periodicidade a validade deste decreto.<\/p>\n<p>Aten\u00e7\u00e3o: No caso de troca ou renova\u00e7\u00e3o do RNE, o estrangeiro deve levar uma c\u00f3pia do documento na sua se\u00e7\u00e3o de alunos.<\/p>\n","protected":false},"excerpt":{"rendered":"<p>Passaporte Para obter o passaporte, o aluno brasileiro dever\u00e1 procurar a Pol\u00edcia Federal. Para mais informa\u00e7\u00f5es, consulte o site do Departamento da Pol\u00edcia Federal. Vistos para Brasileiros O aluno do Grupo Tiradentes dever\u00e1 verificar se precisa obter visto para viajar, atrav\u00e9s do consulado do pa\u00eds de seu interesse. Caso seja necess\u00e1rio, o mesmo dever\u00e1 solicitar<\/p>\n","protected":false},"author":1,"featured_media":0,"parent":0,"menu_order":0,"comment_status":"open","ping_status":"open","template":"","meta":{"footnotes":""},"class_list":["post-2279","page","type-page","status-publish"],"_links":{"self":[{"href":"https:\/\/www.grupotiradentes.com\/intercambio\/wp-json\/wp\/v2\/pages\/2279","targetHints":{"allow":["GET"]}}],"collection":[{"href":"https:\/\/www.grupotiradentes.com\/intercambio\/wp-json\/wp\/v2\/pages"}],"about":[{"href":"https:\/\/www.grupotiradentes.com\/intercambio\/wp-json\/wp\/v2\/types\/page"}],"author":[{"embeddable":true,"href":"https:\/\/www.grupotiradentes.com\/intercambio\/wp-json\/wp\/v2\/users\/1"}],"replies":[{"embeddable":true,"href":"https:\/\/www.grupotiradentes.com\/intercambio\/wp-json\/wp\/v2\/comments?post=2279"}],"version-history":[{"count":9,"href":"https:\/\/www.grupotiradentes.com\/intercambio\/wp-json\/wp\/v2\/pages\/2279\/revisions"}],"predecessor-version":[{"id":2952,"href":"https:\/\/www.grupotiradentes.com\/intercambio\/wp-json\/wp\/v2\/pages\/2279\/revisions\/2952"}],"wp:attachment":[{"href":"https:\/\/www.grupotiradentes.com\/intercambio\/wp-json\/wp\/v2\/media?parent=2279"}],"curies":[{"name":"wp","href":"https:\/\/api.w.org\/{rel}","templated":true}]}}