{"id":2277,"date":"2014-05-12T14:22:26","date_gmt":"2014-05-12T17:22:26","guid":{"rendered":"http:\/\/www.grupotiradentes.com\/intercambio\/?page_id=2277"},"modified":"2015-04-13T11:19:19","modified_gmt":"2015-04-13T14:19:19","slug":"consulados","status":"publish","type":"page","link":"https:\/\/www.grupotiradentes.com\/intercambio\/consulados\/","title":{"rendered":"Consulados"},"content":{"rendered":"<p>O aluno do Grupo Tiradentes dever\u00e1 verificar se precisa obter visto para viajar, atrav\u00e9s do consulado do pa\u00eds de seu interesse. Segue abaixo a lista dos Consulados dos pa\u00edses em que oferecemos vagas:<\/p>\n<p>[list style=&#8221;file&#8221;]<br \/>\n[li]<a href=\"http:\/\/www.sao-paulo.diplo.de\/Vertretung\/saopaulo\/pt\/Startseite.html\">Consulado da Alemanha<\/a>[\/li]<br \/>\n[li]<a href=\"http:\/\/crioj.cancilleria.gov.ar\/\">Consulado da Argentina<\/a>[\/li]<br \/>\n[li]<a href=\"http:\/\/camberra.itamaraty.gov.br\/pt-br\/\">Consulado da Austr\u00e1lia<\/a>[\/li]<br \/>\n[li]<a href=\"http:\/\/www.canadainternational.gc.ca\/brazil-bresil\">Consulado Geral do Canad\u00e1 em S\u00e3o Paulo<\/a>[\/li]<br \/>\n[li]<a href=\"https:\/\/saopaulo.consulado.gov.co\/\">Consulado da Col\u00f4mbia<\/a>[\/li]<br \/>\n[li]<a href=\"http:\/\/www.exteriores.gob.es\/consulados\/saopaulo\/es\/Paginas\/inicio.aspx\">Consulado Geral da Espanha<\/a>[\/li]<br \/>\n[li]<a href=\"http:\/\/portuguese.saopaulo.usconsulate.gov\/\">Consulado dos Estados Unidos<\/a>[\/li]<br \/>\n[li]<a href=\"http:\/\/saopaulo.ambafrance-br.org\/spip.php?rubrique116\">Consulado Geral da Fran\u00e7a<\/a>[\/li]<br \/>\n[li]<a href=\"http:\/\/web.dfa.ie\/home\/index.aspx?id=71312\">Consulado Geral da Irlanda<\/a>[\/li]<br \/>\n[li]<a href=\"http:\/\/www.ambbrasilia.esteri.it\/Ambasciata_Brasilia\/Menu\/Ambasciata\/La_rete_consolare\/\">Consulado Geral da It\u00e1lia<\/a>[\/li]<br \/>\n[li]<a href=\"http:\/\/consulmex.sre.gob.mx\/saopaulo\/\">Consulado do M\u00e9xico<\/a>[\/li]<br \/>\n[li]<a href=\"http:\/\/www.consuladoportugalsp.org.br\/\">Consulado Geral de Portugal<\/a>[\/li]<br \/>\n[li]<a href=\"http:\/\/www.gra-bretanha.org.br\/\">Consulado Geral do Reino Unido<\/a>[\/li]<br \/>\n[\/list]<\/p>\n<p>Para maiores informa\u00e7\u00f5es ou para consultar outros Consulados e\/ou Embaixadas, acesse o site do <a href=\"http:\/\/www.portalconsular.mre.gov.br\/\">Portal Consular<\/a> do Minist\u00e9rio das Rela\u00e7\u00f5es Exteriores do Brasil.<\/p>\n","protected":false},"excerpt":{"rendered":"<p>O aluno do Grupo Tiradentes dever\u00e1 verificar se precisa obter visto para viajar, atrav\u00e9s do consulado do pa\u00eds de seu interesse. Segue abaixo a lista dos Consulados dos pa\u00edses em que oferecemos vagas: [list style=&#8221;file&#8221;] [li]Consulado da Alemanha[\/li] [li]Consulado da Argentina[\/li] [li]Consulado da Austr\u00e1lia[\/li] [li]Consulado Geral do Canad\u00e1 em S\u00e3o Paulo[\/li] [li]Consulado da Col\u00f4mbia[\/li] [li]Consulado<\/p>\n","protected":false},"author":1,"featured_media":0,"parent":0,"menu_order":0,"comment_status":"open","ping_status":"open","template":"","meta":{"footnotes":""},"class_list":["post-2277","page","type-page","status-publish"],"_links":{"self":[{"href":"https:\/\/www.grupotiradentes.com\/intercambio\/wp-json\/wp\/v2\/pages\/2277","targetHints":{"allow":["GET"]}}],"collection":[{"href":"https:\/\/www.grupotiradentes.com\/intercambio\/wp-json\/wp\/v2\/pages"}],"about":[{"href":"https:\/\/www.grupotiradentes.com\/intercambio\/wp-json\/wp\/v2\/types\/page"}],"author":[{"embeddable":true,"href":"https:\/\/www.grupotiradentes.com\/intercambio\/wp-json\/wp\/v2\/users\/1"}],"replies":[{"embeddable":true,"href":"https:\/\/www.grupotiradentes.com\/intercambio\/wp-json\/wp\/v2\/comments?post=2277"}],"version-history":[{"count":6,"href":"https:\/\/www.grupotiradentes.com\/intercambio\/wp-json\/wp\/v2\/pages\/2277\/revisions"}],"predecessor-version":[{"id":2950,"href":"https:\/\/www.grupotiradentes.com\/intercambio\/wp-json\/wp\/v2\/pages\/2277\/revisions\/2950"}],"wp:attachment":[{"href":"https:\/\/www.grupotiradentes.com\/intercambio\/wp-json\/wp\/v2\/media?parent=2277"}],"curies":[{"name":"wp","href":"https:\/\/api.w.org\/{rel}","templated":true}]}}