{"id":2229,"date":"2014-05-09T15:47:49","date_gmt":"2014-05-09T18:47:49","guid":{"rendered":"http:\/\/www.grupotiradentes.com\/intercambio\/?page_id=2229"},"modified":"2015-04-10T16:34:59","modified_gmt":"2015-04-10T19:34:59","slug":"redes","status":"publish","type":"page","link":"https:\/\/www.grupotiradentes.com\/intercambio\/redes\/","title":{"rendered":"Redes"},"content":{"rendered":"<p>[accordions]<\/p>\n<p>[accordion title=Universia Brasil]<\/p>\n<table class=\"table table-hover table-condensed\">\n<tr>\n<td valign=\"top\">\n<p align=\"center\">\n<p align=\"center\"><img loading=\"lazy\" decoding=\"async\" src=\"http:\/\/www.grupotiradentes.com\/intercambio\/wp-content\/uploads\/sites\/5\/2015\/02\/Universia.jpg\" alt=\"\" width=\"489\" height=\"140\" \/><\/p>\n<\/td>\n<td valign=\"top\"><strong>Universia Brasil<\/strong><\/p>\n<p>\u00c9 a maior rede de universidades de fala hisp\u00e2nica e portuguesa. Est\u00e1 formada por 1.242 universidades s\u00f3cias de 23 pa\u00edses ibero-americanos, que representam 15,3 milh\u00f5es de professores e estudantes universit\u00e1rios.<br \/>\nA rede promove o desenvolvimento social e empresarial atrav\u00e9s do talento, conhecimento, investiga\u00e7\u00e3o aplicada e da colabora\u00e7\u00e3o institucional entre universidades e empresas fornecendo ferramentas, espa\u00e7os e projetos que ajudam as empresas e institui\u00e7\u00f5es a apresentarem produtos e servi\u00e7os de valor para o grupo universit\u00e1rio.<br \/>\nAtua como alavanca impulsionadora de projetos de excel\u00eancia com grupos de universidades, dentro do seguinte enquadramento: \u00c2mbito geogr\u00e1fico internacional, Heterogeneidade da educa\u00e7\u00e3o superior, O protagonismo da Universidade na Empresa e An\u00e1lise de futuro.<br \/>\nPara mais informa\u00e7\u00f5es <a href=\"http:\/\/www.universia.com.br\/\">clique aqui<\/a>.\n<\/td>\n<\/tr>\n<\/table>\n<p>[\/accordion]<\/p>\n<p>[accordion title= REHM]<\/p>\n<table class=\"table table-hover table-condensed\">\n<tbody>\n<tr>\n<td valign=\"top\">\n<p align=\"center\">\n<p align=\"center\"><img loading=\"lazy\" decoding=\"async\" src=\"http:\/\/www.grupotiradentes.com\/intercambio\/wp-content\/uploads\/sites\/5\/2015\/02\/REMH.jpg\" alt=\"\" width=\"489\" height=\"140\" \/><\/p>\n<\/td>\n<td valign=\"top\"><strong>Rede Euroamericana de Motricidade Humana<\/strong><br \/>\nA Rede Euroamericana de Motricidade Humana \u00e9 uma Organiza\u00e7\u00e3o Internacional N\u00e3o Governamental, portanto a associa\u00e7\u00e3o de membros e estabelecimentos de parcerias \u00e9 volunt\u00e1ria, de sujeitos de direito p\u00fablico ou privado internacionais, que visa incentivar e fortalecer rela\u00e7\u00f5es entre institui\u00e7\u00f5es americanas e europeias a fim de desenvolvimento de interc\u00e2mbio acad\u00eamico, cient\u00edfico e cultural entre as mesmas, no tocante a assuntos da Motricidade Humana.\n<\/td>\n<\/tr>\n<\/table>\n<p>[\/accordion]<\/p>\n<p>[\/accordions]<\/p>\n","protected":false},"excerpt":{"rendered":"<p>[accordions] [accordion title=Universia Brasil] Universia Brasil \u00c9 a maior rede de universidades de fala hisp\u00e2nica e portuguesa. Est\u00e1 formada por 1.242 universidades s\u00f3cias de 23 pa\u00edses ibero-americanos, que representam 15,3 milh\u00f5es de professores e estudantes universit\u00e1rios. A rede promove o desenvolvimento social e empresarial atrav\u00e9s do talento, conhecimento, investiga\u00e7\u00e3o aplicada e da colabora\u00e7\u00e3o institucional entre<\/p>\n","protected":false},"author":1,"featured_media":0,"parent":0,"menu_order":0,"comment_status":"open","ping_status":"open","template":"","meta":{"footnotes":""},"class_list":["post-2229","page","type-page","status-publish"],"_links":{"self":[{"href":"https:\/\/www.grupotiradentes.com\/intercambio\/wp-json\/wp\/v2\/pages\/2229","targetHints":{"allow":["GET"]}}],"collection":[{"href":"https:\/\/www.grupotiradentes.com\/intercambio\/wp-json\/wp\/v2\/pages"}],"about":[{"href":"https:\/\/www.grupotiradentes.com\/intercambio\/wp-json\/wp\/v2\/types\/page"}],"author":[{"embeddable":true,"href":"https:\/\/www.grupotiradentes.com\/intercambio\/wp-json\/wp\/v2\/users\/1"}],"replies":[{"embeddable":true,"href":"https:\/\/www.grupotiradentes.com\/intercambio\/wp-json\/wp\/v2\/comments?post=2229"}],"version-history":[{"count":6,"href":"https:\/\/www.grupotiradentes.com\/intercambio\/wp-json\/wp\/v2\/pages\/2229\/revisions"}],"predecessor-version":[{"id":2940,"href":"https:\/\/www.grupotiradentes.com\/intercambio\/wp-json\/wp\/v2\/pages\/2229\/revisions\/2940"}],"wp:attachment":[{"href":"https:\/\/www.grupotiradentes.com\/intercambio\/wp-json\/wp\/v2\/media?parent=2229"}],"curies":[{"name":"wp","href":"https:\/\/api.w.org\/{rel}","templated":true}]}}