{"id":2210,"date":"2014-05-09T15:16:18","date_gmt":"2014-05-09T18:16:18","guid":{"rendered":"http:\/\/www.grupotiradentes.com\/intercambio\/?page_id=2210"},"modified":"2015-09-25T14:39:09","modified_gmt":"2015-09-25T17:39:09","slug":"pos-graduacao","status":"publish","type":"page","link":"https:\/\/www.grupotiradentes.com\/intercambio\/incoming\/pos-graduacao\/","title":{"rendered":"P\u00f3s-Gradua\u00e7\u00e3o"},"content":{"rendered":"<p>Os estudantes estrangeiros de p\u00f3s-gradua\u00e7\u00e3o que queiram participar de interc\u00e2mbio no Grupo Tiradentes dever\u00e3o entrar em contato diretamente com as Rela\u00e7\u00f5es Internacionais, atrav\u00e9s da sua universidade de origem ou de forma independente.<\/p>\n<p>Cursos de p\u00f3s-gradua\u00e7\u00e3o oferecidos no Grupo Tiradentes:<\/p>\n<h3>Universidade Tiradentes<\/h3>\n<p><b>Lato sensu<\/b><br \/>\n[list style=&#8221;check&#8221;]<br \/>\n[li]<a href=\"http:\/\/www.unit.br\/pos\">Cursos de Especializa\u00e7\u00e3o e MBA<\/a>[\/li]<br \/>\n[\/list]\t\t\t\t\t\t<\/p>\n<p><b>Stricto sensu<\/b><br \/>\n[list style=&#8221;check&#8221;]<br \/>\n[li]<a href=\"\/\/pbi.unit.br\/\">Biotecnologia Industrial<\/a>[\/li]<br \/>\n[li]<a href=\"\/\/ppgd.unit.br\/\">Direitos Humanos<\/a>[\/li]<br \/>\n[li]<a href=\"\/\/pped.unit.br\/\">Educa\u00e7\u00e3o<\/a>[\/li]<br \/>\n[li]<a href=\"\/\/pep.unit.br\/\">Engenharia de Processos<\/a>[\/li]<br \/>\n[li]<a href=\"\/\/psa.unit.br\/\">Sa\u00fade e Ambiente<\/a>[\/li]<br \/>\n[\/list]<\/p>\n","protected":false},"excerpt":{"rendered":"<p>Os estudantes estrangeiros de p\u00f3s-gradua\u00e7\u00e3o que queiram participar de interc\u00e2mbio no Grupo Tiradentes dever\u00e3o entrar em contato diretamente com as Rela\u00e7\u00f5es Internacionais, atrav\u00e9s da sua universidade de origem ou de forma independente. Cursos de p\u00f3s-gradua\u00e7\u00e3o oferecidos no Grupo Tiradentes: Universidade Tiradentes Lato sensu [list style=&#8221;check&#8221;] [li]Cursos de Especializa\u00e7\u00e3o e MBA[\/li] [\/list] Stricto sensu [list style=&#8221;check&#8221;]<\/p>\n","protected":false},"author":1,"featured_media":0,"parent":2206,"menu_order":0,"comment_status":"open","ping_status":"open","template":"","meta":{"footnotes":""},"class_list":["post-2210","page","type-page","status-publish"],"_links":{"self":[{"href":"https:\/\/www.grupotiradentes.com\/intercambio\/wp-json\/wp\/v2\/pages\/2210","targetHints":{"allow":["GET"]}}],"collection":[{"href":"https:\/\/www.grupotiradentes.com\/intercambio\/wp-json\/wp\/v2\/pages"}],"about":[{"href":"https:\/\/www.grupotiradentes.com\/intercambio\/wp-json\/wp\/v2\/types\/page"}],"author":[{"embeddable":true,"href":"https:\/\/www.grupotiradentes.com\/intercambio\/wp-json\/wp\/v2\/users\/1"}],"replies":[{"embeddable":true,"href":"https:\/\/www.grupotiradentes.com\/intercambio\/wp-json\/wp\/v2\/comments?post=2210"}],"version-history":[{"count":8,"href":"https:\/\/www.grupotiradentes.com\/intercambio\/wp-json\/wp\/v2\/pages\/2210\/revisions"}],"predecessor-version":[{"id":3163,"href":"https:\/\/www.grupotiradentes.com\/intercambio\/wp-json\/wp\/v2\/pages\/2210\/revisions\/3163"}],"up":[{"embeddable":true,"href":"https:\/\/www.grupotiradentes.com\/intercambio\/wp-json\/wp\/v2\/pages\/2206"}],"wp:attachment":[{"href":"https:\/\/www.grupotiradentes.com\/intercambio\/wp-json\/wp\/v2\/media?parent=2210"}],"curies":[{"name":"wp","href":"https:\/\/api.w.org\/{rel}","templated":true}]}}