{"id":2197,"date":"2014-05-09T15:11:39","date_gmt":"2014-05-09T18:11:39","guid":{"rendered":"http:\/\/www.grupotiradentes.com\/intercambio\/?page_id=2197"},"modified":"2015-11-11T13:34:42","modified_gmt":"2015-11-11T16:34:42","slug":"downloads","status":"publish","type":"page","link":"https:\/\/www.grupotiradentes.com\/intercambio\/downloads\/","title":{"rendered":"Downloads"},"content":{"rendered":"<h4>Modelos de Documentos<\/h4>\n<p>Esse modelo \u00e9 somente a t\u00edtulo de sugest\u00e3o. O professor pode se sentir a vontade para fazer as devidas adapta\u00e7\u00f5es. Segue abaixo:<br \/>\n[li]<a href=\"http:\/\/www.grupotiradentes.com\/intercambio\/wp-content\/uploads\/sites\/5\/2014\/05\/Modelo-Carta-de-recomenda\u00e7\u00e3o-portugu\u00eas.pdf\">Modelo de Carta de Recomenda\u00e7\u00e3o (em portugu\u00eas)<\/a>[\/li]<br \/>\n[li]<a href=\"http:\/\/www.grupotiradentes.com\/intercambio\/wp-content\/uploads\/sites\/5\/2014\/05\/Modelo-Carta-de-recomenda\u00e7\u00e3o-ingl\u00eas.pdf\">Modelo de Carta de Recomenda\u00e7\u00e3o (em ingl\u00eas)<\/a>[\/li]<br \/>\n[li]<a href=\"http:\/\/www.grupotiradentes.com\/intercambio\/wp-content\/uploads\/sites\/5\/2014\/05\/Modelo-Carta-de-recomendaci\u00f3n-espa\u00f1ol.pdf\">Modelo de Carta de Recomenda\u00e7\u00e3o (em espanhol)<\/a>[\/li]<\/p>\n<h4>Outras informa\u00e7\u00f5es<\/h4>\n<p>[li]<a href=\"http:\/\/www.grupotiradentes.com\/intercambio\/wp-content\/uploads\/sites\/5\/2014\/05\/Perguntas-frequentes-sobre-Interc\u00e2mbio-FAQs.pdf\">Perguntas Frequentes &#8211; FAQs<\/a>[\/li]<\/p>\n<p>[li]<a href=\"http:\/\/www.grupotiradentes.com\/intercambio\/wp-content\/uploads\/sites\/5\/2014\/05\/Perguntas-frequentes-sobre-CSF-FAQs.pdf\">Perguntas Frequentes sobre o Ci\u00eancias Sem Fronteiras<\/a>[\/li] <\/p>\n","protected":false},"excerpt":{"rendered":"<p>Modelos de Documentos Esse modelo \u00e9 somente a t\u00edtulo de sugest\u00e3o. O professor pode se sentir a vontade para fazer as devidas adapta\u00e7\u00f5es. Segue abaixo: [li]Modelo de Carta de Recomenda\u00e7\u00e3o (em portugu\u00eas)[\/li] [li]Modelo de Carta de Recomenda\u00e7\u00e3o (em ingl\u00eas)[\/li] [li]Modelo de Carta de Recomenda\u00e7\u00e3o (em espanhol)[\/li] Outras informa\u00e7\u00f5es [li]Perguntas Frequentes &#8211; FAQs[\/li] [li]Perguntas Frequentes sobre<\/p>\n","protected":false},"author":5,"featured_media":0,"parent":0,"menu_order":0,"comment_status":"open","ping_status":"open","template":"","meta":{"footnotes":""},"class_list":["post-2197","page","type-page","status-publish"],"_links":{"self":[{"href":"https:\/\/www.grupotiradentes.com\/intercambio\/wp-json\/wp\/v2\/pages\/2197","targetHints":{"allow":["GET"]}}],"collection":[{"href":"https:\/\/www.grupotiradentes.com\/intercambio\/wp-json\/wp\/v2\/pages"}],"about":[{"href":"https:\/\/www.grupotiradentes.com\/intercambio\/wp-json\/wp\/v2\/types\/page"}],"author":[{"embeddable":true,"href":"https:\/\/www.grupotiradentes.com\/intercambio\/wp-json\/wp\/v2\/users\/5"}],"replies":[{"embeddable":true,"href":"https:\/\/www.grupotiradentes.com\/intercambio\/wp-json\/wp\/v2\/comments?post=2197"}],"version-history":[{"count":17,"href":"https:\/\/www.grupotiradentes.com\/intercambio\/wp-json\/wp\/v2\/pages\/2197\/revisions"}],"predecessor-version":[{"id":2941,"href":"https:\/\/www.grupotiradentes.com\/intercambio\/wp-json\/wp\/v2\/pages\/2197\/revisions\/2941"}],"wp:attachment":[{"href":"https:\/\/www.grupotiradentes.com\/intercambio\/wp-json\/wp\/v2\/media?parent=2197"}],"curies":[{"name":"wp","href":"https:\/\/api.w.org\/{rel}","templated":true}]}}