{"id":2191,"date":"2014-05-09T15:10:41","date_gmt":"2014-05-09T18:10:41","guid":{"rendered":"http:\/\/www.grupotiradentes.com\/intercambio\/?page_id=2191"},"modified":"2014-05-27T12:57:59","modified_gmt":"2014-05-27T15:57:59","slug":"depoimentos","status":"publish","type":"page","link":"https:\/\/www.grupotiradentes.com\/intercambio\/comunicacao\/depoimentos\/","title":{"rendered":"Depoimentos"},"content":{"rendered":"<p>[toggle title=&#8221;Estados Unidos&#8221;]<\/p>\n<p><strong><img decoding=\"async\" src=\"http:\/\/www.grupotiradentes.com\/intercambio\/wp-content\/uploads\/sites\/5\/2014\/05\/1.png\" alt=\"\" align=\"left\"  \/><\/strong><strong>Daniel Sim\u00f5es Caldas \u2013 Ci\u00eancias Sem Fronteiras<\/strong><\/p>\n<p>Entrei na Universidade Tiradentes no segundo semestre de 2011, como estudante de Publicidade. No mesmo per\u00edodo eu j\u00e1 estava trabalhando na \u00e1rea, mas ainda ambicioso por melhores oportunidades para crescer profissionalmente. Foi ent\u00e3o que uma tarde, o Prof. Dr. Matheus Batalha me contatou e perguntou: \u201cDaniel, como est\u00e1 o seu ingl\u00eas?\u201d. Respondi que tinha certificado de n\u00edvel avan\u00e7ado na l\u00edngua por uma escola Inglesa. Assim, ele me apresentou este novo programa do governo que estava investindo em alunos para estudar fora do pais, o Ci\u00eancia sem Fronteiras.<\/p>\n<p>  Meses depois me encontro aqui, nos EUA, escrevendo este depoimento. \u00c9 complicado colocar em palavras todos as experi\u00eancias e emo\u00e7\u00f5es que vivi com rela\u00e7\u00e3o ao que o Ci\u00eancia sem Fronteiras, a UNIT, o departamento de Rela\u00e7\u00f5es Internacionais e, claro, o Dr. Batalha me proporcionaram. Cheguei aos EUA em 26 de Junho de 2013 e, sinceramente, n\u00e3o senti um choque cultural t\u00e3o grande nos primeiros momentos. Por\u00e9m, quando comecei a interagir mais e mais com a cultura americana, assim como com outros estudantes internacionais de outros pa\u00edses, pude aprofundar-me em conhecimentos maiores sobre o mundo e sobre as pessoas que simpatizavam (ou n\u00e3o) com o que minha cultura e ego acreditam.<\/p>\n<p>  Considero que o maior aprendizado que tive com rela\u00e7\u00e3o \u00e0 minha experi\u00eancia nos Estados Unidos est\u00e1 relacionado ao quanto eu hoje compreendo e humildemente aprecio as percep\u00e7\u00f5es de pessoas diferentes de mim. Al\u00e9m disso, profissionalmente falando, \u00e9 importante citar que como um jovem profissional da publicidade, n\u00e3o havia lugar melhor para eu crescer meus conhecimentos com rela\u00e7\u00e3o a neg\u00f3cios e est\u00f3rias se n\u00e3o vivendo a realidade capitalista dos EUA.<\/p>\n<p>  Se est\u00e1 em d\u00favidas se deve \u201cse jogar\u201d em uma experi\u00eancia como a minha, pense sempre que voc\u00ea, como o futuro do pa\u00eds, al\u00e9m de ter o dever de representar o Brasil l\u00e1 fora, voc\u00ea deve entender que a \u00fanica forma de se ter qualquer futuro no mundo globalizado \u00e9 atrav\u00e9s das trocas de conhecimento com diferentes culturas.<\/p>\n<p>  Vai! <\/p>\n<p><strong><img loading=\"lazy\" decoding=\"async\" src=\"http:\/\/www.grupotiradentes.com\/intercambio\/wp-content\/uploads\/sites\/5\/2014\/05\/2.png\" alt=\"\" width=\"207\" height=\"283\" \/><\/strong><\/p>\n<h4><strong>Cliff Iuri de Souza Goncalves \u2013 Ci\u00eancias Sem Fronteiras<\/strong><\/h4>\n<p>A oportunidade de realizar interc\u00e2mbio \u00e9 fant\u00e1stica. Poder fazer isso duas vezes na gradua\u00e7\u00e3o est\u00e1 sendo fenomenal. Tanto no intercambio do M\u00e9xico como aqui nos Estados Unidos pude, n\u00e3o s\u00f3 estudar mat\u00e9rias da gradua\u00e7\u00e3o, mas tamb\u00e9m praticar outros idiomas, o que ser\u00e1 importante para minha forma\u00e7\u00e3o acad\u00eamica. Al\u00e9m disso, a oportunidade de realizar est\u00e1gio ser\u00e1 de grande peso e import\u00e2ncia no meu curr\u00edculo acad\u00eamico. Aliado a esse fato, ainda \u00e9 poss\u00edvel ter contato com outros alunos internacionais, das mais variadas partes do mundo, propiciando um contato com outras culturas. Em s\u00edntese, \u00e9 uma chance que n\u00e3o se pode desperdi\u00e7ar.<\/p>\n<p><strong><img loading=\"lazy\" decoding=\"async\" src=\"http:\/\/www.grupotiradentes.com\/intercambio\/wp-content\/uploads\/sites\/5\/2014\/05\/3.png\" alt=\"\" width=\"250\" height=\"333\" \/><\/strong> <\/p>\n<h4><strong>Luiz Fernando Souza Santos \u2013 Ci\u00eancias Sem Fronteiras<\/strong><\/h4>\n<p>Quem nunca teve um sonho que parecia imposs\u00edvel de se realizar? Acho que essa pergunta teria milh\u00f5es e milh\u00f5es de SIMs. Hoje posso dizer que estou vivendo um sonho. Eu tinha um sonho de conhecer os Estados Unidos, mas nunca pensei que ira realiz\u00e1-lo, ainda mais como um estudante.\u00a0 O sonho virou realidade, e aqui estou eu. Estou estudando na Arizona State University (ASU), uma universidade muito mais muito grande mesmo. Composta por diferentes alunos de diferentes partes do mundo, a ASU tem me proporcionado o contato n\u00e3o s\u00f3 com a \u00e1rea acad\u00eamica, mas tamb\u00e9m com outras pessoas, que posso assegurar que s\u00e3o incr\u00edveis. O conhecimento sempre me despertou a curiosidade. A ci\u00eancia sempre fez com que os meus olhos brilhassem um pouquinho mais, e nada mais incr\u00edvel do que ver na ci\u00eancia o agir do Arquiteto de todas as coisas, Deus. Hoje posso afirmar que sonhos s\u00e3o poss\u00edveis de se realizar, nunca permita que os obst\u00e1culos se tornem um ponto de parada, pelo contr\u00e1rio, use cada um deles como um objeto de motiva\u00e7\u00e3o. Quando tudo e todos disserem que voc\u00ea n\u00e3o pode, permita que sua f\u00e9 entre em a\u00e7\u00e3o e ou\u00e7a Deus dizer: Voc\u00ea pode por que Eu estou contigo.<\/p>\n<p><strong><img loading=\"lazy\" decoding=\"async\" src=\"http:\/\/www.grupotiradentes.com\/intercambio\/wp-content\/uploads\/sites\/5\/2014\/05\/4.png\" alt=\"\" width=\"216\" height=\"267\" \/><\/strong> <\/p>\n<h4><strong>Raphaella Ingrid Santana Oliveira \u2013 Ci\u00eancias Sem Fronteiras<\/strong><\/h4>\n<p>Quando adentrei para a Universidade trazia comigo esse anseio de me esfor\u00e7ar ao m\u00e1ximo, dar o melhor de mim para alcan\u00e7ar essa meta e finalmente consegui e j\u00e1 estou usufruindo. Meu nome \u00e9 Raphaella Ingrid Santana Oliveira e sou intercambista e bolsista da CAPES na University of Kansas, Estados Unidos. Sou com muito orgulho aluna do curso de Biomedicina da Universidade Tiradentes \u2013 UNIT, atrav\u00e9s da qual, estou tendo o privil\u00e9gio de representar meu curso, cidade e universidade em outro pa\u00eds, mediante t\u00e3o propalado e desejado programa Ci\u00eancia sem Fronteiras.<\/p>\n<p>    O \u201cCsF\u201d est\u00e1 sendo para mim uma grande conquista na minha vida acad\u00eamica e pessoal, um sonho que est\u00e1 se concretizando! Nesse pa\u00eds e na referida Institui\u00e7\u00e3o de Ensino, estou vivenciando experi\u00eancias inesquec\u00edveis! Conhecer pessoas de diversas nacionalidades e culturas, desde norte-americanas, passando por europeias e asi\u00e1ticas est\u00e1 sendo t\u00e3o desafiador quanto gratificante. Como aluna da University of Kansas, inicialmente, tive a oportunidade de cursar o \u201cIntensive English Program\u201d\u2013 uma fase eliminat\u00f3ria \u2013 com Teste de Profici\u00eancia, a qual, perdurou durante 6 meses, mas que permitiu, via de regra, o aprimoramento de meu ingl\u00eas. E agora, durante as f\u00e9rias, gra\u00e7as a minha aprova\u00e7\u00e3o no Teste, estarei cursando algumas disciplinas de gradua\u00e7\u00e3o na \u00e1rea de Biomedicina e, por conseguinte, mais um semestre a ser enfrentado com mais duas ou tr\u00eas disciplinas. Os professores e gestores dessa Institui\u00e7\u00e3o s\u00e3o receptivos, por\u00e9m exigentes e seguem a risca o cronograma acad\u00eamico com atividades em classe e extraclasses.<\/p>\n<p>    E numa atividade paralela, planejada de forma eficaz para n\u00e3o interferir no meu \u00ednfimo tempo, tive a iniciativa de criar um \u201cblog\u201d e um \u201cvlog\u201d na internet, com o intuito de fundamentar e compartilhar minha mais nova experi\u00eancia de vida, ajudando a dirimir d\u00favidas dos internautas, acerca do programa de interc\u00e2mbio. Bastante acessadas, minhas p\u00e1ginas ganharam o p\u00fablico de diversos estados e pa\u00edses e hoje<strong>,<\/strong> ultrapassa os doze mil acessos. Dessa maneira, com o vislumbre e a r\u00e1pida propaga\u00e7\u00e3o nas Redes Sociais de meus canais de comunica\u00e7\u00e3o criados, fui contempladacom um convite do famoso portal \u201cBiomedicina Brasil\u201d para participar como colaboradora\/colunista deste ambiente propagador de conhecimento relativo ao fascinante mundo da biomedicina. Com a produ\u00e7\u00e3o de conte\u00fados darei minha singela contribui\u00e7\u00e3o com artigos, v\u00eddeos, experi\u00eancias como acad\u00eamica e viv\u00eancias enquanto intercambista do programa Ci\u00eancia sem Fronteiras nos EUA.<\/p>\n<p>    Por fim, o programa CsF ser\u00e1 uma experi\u00eancia que levarei por toda a minha vida, um aprendizado \u00fanico e o melhor, uma grande oportunidade que deveras estou tendo de representar aqui nos EUA com muito orgulho o Brasil, meu Estado de Sergipe e minha querida Institui\u00e7\u00e3o UNIT, a qual, indubitavelmente, tem contribu\u00eddo de forma significativa para o meu crescimento acad\u00eamico e que,\u00a0 certamente, quando ao Brasil retornar colocarei em pr\u00e1tica toda a experi\u00eancia e conhecimento obtidos aqui no exterior para contribuir de forma eficaz na evolu\u00e7\u00e3o de meu estado e pa\u00eds.<\/p>\n<p>[\/toggle]<br \/>\n   [toggle title=&#8221;M\u00e9xico&#8221;]<\/p>\n<p><strong><img loading=\"lazy\" decoding=\"async\" src=\"http:\/\/www.grupotiradentes.com\/intercambio\/wp-content\/uploads\/sites\/5\/2014\/05\/5.png\" alt=\"\" width=\"220\" height=\"294\" \/><\/strong> <\/p>\n<h4><strong>Jo\u00e3o Paulo \u2013 Programa de Bolsas Ibero-Americanas \u2013 Santander Universidades<\/strong><\/h4>\n<p>Minha experi\u00eancia de interc\u00e2mbio na Universidad Popular Aut\u00f3noma del Estado de Puebla &#8211; UPAEP, foi maravilhosa aqui pude conhecer nossas pessoas de v\u00e1rios pa\u00edses e tamb\u00e9m fiz muitas amizades com amigos estrangeiros e amigos mexicanos. Conheci toda a cultura mexicana, suas tradi\u00e7\u00f5es, seus lugares maravilhosos, como a praia de Canc\u00fan, Acapulco, Puerto Escondido, las pir\u00e2medis de Cholula e Teotihuac\u00e1n. E principalmente pude conhecer toda a gastronomia mexicana, me fascinou muito conhecer os ingredientes e pratos t\u00edpicos do M\u00e9xico. Para mim minha experi\u00eancia foi simplesmente fant\u00e1stica, com esse interc\u00e2mbio eu pude crescer muito profissionalmente e pessoalmente. Muito obrigado a todos de Rela\u00e7\u00f5es Internacionais da Universidade Tiradentes (UNIT) e ao Banco Santander por nos proporcionar essa experi\u00eancia fant\u00e1stica que vai ficar pra sempre guardada em nossas vidas. Sou Jo\u00e3o Paulo Souza Dos Santos, estudante de Gastronomia da UNIT.\n<\/p>\n<p> [\/toggle]<\/p>\n<p> [toggle title=&#8221;Portugal&#8221;]\n<\/p>\n<p><img loading=\"lazy\" decoding=\"async\" src=\"http:\/\/www.grupotiradentes.com\/intercambio\/wp-content\/uploads\/sites\/5\/2014\/05\/6.png\" alt=\"\" width=\"234\" height=\"234\" \/><\/p>\n<h4><strong>Igor Soares Vieira \u2013 Acordos de Coopera\u00e7\u00e3o<\/strong><\/h4>\n<p>A experi\u00eancia de viver num pa\u00eds estrangeiro trouxe um imenso crescimento pessoal, afinal o tive que aprender a fazer as coisas sozinho, resolver meus pr\u00f3prios problemas, entender a cultura do outro, e etc.<br \/>\nO primeiro ponto positivo foi na independ\u00eancia. Morar sozinho me exigiu um enorme desprendimento pessoal. Outro ponto importante foi testar e desenvolver a minha capacidade de integra\u00e7\u00e3o. Fiz parte de equipes de trabalhos, est\u00e1gios volunt\u00e1rios, ministrei palestras sobre meu pa\u00eds de origem e sobre minha pesquisa de mestrado. Consegui ir a cinco congressos e encontros internacionais (Portugal, Espanha e Reino Unido) e tive mais de 12 publica\u00e7\u00f5es cient\u00edficas. O interc\u00e2mbio possibilitou desenvolver melhor a minha comunica\u00e7\u00e3o, j\u00e1 que no pa\u00eds desconhecido tive que reaprender a interagir e a deixar a vergonha de lado em v\u00e1rias situa\u00e7\u00f5es.<br \/>\nAcredito que intercambio possibilitou ter um diferencial no mercado de trabalho, n\u00e3o somente pelas experi\u00eancias acad\u00eamicas que obtive, mas tamb\u00e9m pelo fato do aumento minha capacidade de enfrentar o desconhecido. A habilidade de criar estrat\u00e9gias e ir em dire\u00e7\u00e3o a algo inusitado \u00e9 muito admirada no meio profissional, e certamente algu\u00e9m que se sujeitou a sair do conforto do seu lar para tentar uma vida totalmente diferente da que estava acostumado \u00e9 uma forma de demonstrar a sede de novidades.<br \/>\nFoi certamente uma experi\u00eancia que trouxe um grande crescimento profissional e pessoal em minha vida. Faria tudo de novo!!<\/p>\n<p>[\/toggle]<\/p>\n","protected":false},"excerpt":{"rendered":"<p>[toggle title=&#8221;Estados Unidos&#8221;] Daniel Sim\u00f5es Caldas \u2013 Ci\u00eancias Sem Fronteiras Entrei na Universidade Tiradentes no segundo semestre de 2011, como estudante de Publicidade. No mesmo per\u00edodo eu j\u00e1 estava trabalhando na \u00e1rea, mas ainda ambicioso por melhores oportunidades para crescer profissionalmente. Foi ent\u00e3o que uma tarde, o Prof. Dr. Matheus Batalha me contatou e perguntou:<\/p>\n","protected":false},"author":1,"featured_media":0,"parent":2187,"menu_order":0,"comment_status":"open","ping_status":"open","template":"page-blocks.php","meta":{"footnotes":""},"class_list":["post-2191","page","type-page","status-publish"],"_links":{"self":[{"href":"https:\/\/www.grupotiradentes.com\/intercambio\/wp-json\/wp\/v2\/pages\/2191","targetHints":{"allow":["GET"]}}],"collection":[{"href":"https:\/\/www.grupotiradentes.com\/intercambio\/wp-json\/wp\/v2\/pages"}],"about":[{"href":"https:\/\/www.grupotiradentes.com\/intercambio\/wp-json\/wp\/v2\/types\/page"}],"author":[{"embeddable":true,"href":"https:\/\/www.grupotiradentes.com\/intercambio\/wp-json\/wp\/v2\/users\/1"}],"replies":[{"embeddable":true,"href":"https:\/\/www.grupotiradentes.com\/intercambio\/wp-json\/wp\/v2\/comments?post=2191"}],"version-history":[{"count":21,"href":"https:\/\/www.grupotiradentes.com\/intercambio\/wp-json\/wp\/v2\/pages\/2191\/revisions"}],"predecessor-version":[{"id":2549,"href":"https:\/\/www.grupotiradentes.com\/intercambio\/wp-json\/wp\/v2\/pages\/2191\/revisions\/2549"}],"up":[{"embeddable":true,"href":"https:\/\/www.grupotiradentes.com\/intercambio\/wp-json\/wp\/v2\/pages\/2187"}],"wp:attachment":[{"href":"https:\/\/www.grupotiradentes.com\/intercambio\/wp-json\/wp\/v2\/media?parent=2191"}],"curies":[{"name":"wp","href":"https:\/\/api.w.org\/{rel}","templated":true}]}}