{"id":2163,"date":"2014-05-09T14:57:05","date_gmt":"2014-05-09T17:57:05","guid":{"rendered":"http:\/\/www.grupotiradentes.com\/intercambio\/?page_id=2163"},"modified":"2017-06-01T10:13:51","modified_gmt":"2017-06-01T13:13:51","slug":"graduacao","status":"publish","type":"page","link":"https:\/\/www.grupotiradentes.com\/intercambio\/mobilidade-unit\/graduacao\/","title":{"rendered":"Gradua\u00e7\u00e3o"},"content":{"rendered":"<h3>O que \u00e9?<\/h3>\n<p>A mobilidade acad\u00eamica \u00e9 o processo que possibilita ao estudante matriculado no Grupo Tiradentes estudar em outra institui\u00e7\u00e3o de ensino e, ap\u00f3s a conclus\u00e3o dos estudos, a emiss\u00e3o do hist\u00f3rico acad\u00eamico e registro em sua institui\u00e7\u00e3o de origem.<\/p>\n<h3>Como o aluno pode entrar em mobilidade?<\/h3>\n<p>Em constru\u00e7\u00e3o.<\/p>\n<h3>O que o aluno ganha com o status de mobilidade acad\u00eamica?<\/h3>\n<p>Ele n\u00e3o perde o v\u00ednculo com a universidade, ou seja, o aluno n\u00e3o ficar\u00e1 como trancado ou abandonado, mas sim com o status de \u201caluno em mobilidade\u201d. <\/p>\n<h3>O que o aluno deve fazer para manter a mobilidade acad\u00eamica?<\/h3>\n<p>Para que o aluno mantenha a mobilidade acad\u00eamica, o mesmo n\u00e3o deve perder nenhuma mat\u00e9ria e enviar as documenta\u00e7\u00f5es solicitadas, que s\u00e3o:<\/p>\n<p>[list style=&#8221;file&#8221;]<br \/>\n[li]Certificado de chegada at\u00e9 7 dias ap\u00f3s chegar na institui\u00e7\u00e3o;[\/li]<br \/>\n[li]Relat\u00f3rio mensal at\u00e9 o 15\u00ba dia de cada m\u00eas (para preencher o relat\u00f3rio, <a href=\"https:\/\/docs.google.com\/forms\/d\/1k5M2wf0SbVo7qfoVy06HDr8SmxS03kBkcMok1Pl3VJA\/viewform\">clique aqui<\/a>  )[\/li]<br \/>\n[li]Hist\u00f3rico Oficial emitido pela institui\u00e7\u00e3o ao final do interc\u00e2mbio;[\/li]<br \/>\n[li]Certificado de frequ\u00eancia ao final do interc\u00e2mbio.[\/li]<br \/>\n[\/list]<\/p>\n<h3>Quais s\u00e3o as regras para que o aluno se insira no Programa de Mobilidade Acad\u00eamica?<\/h3>\n<p>Em constru\u00e7\u00e3o.<\/p>\n","protected":false},"excerpt":{"rendered":"<p>O que \u00e9? A mobilidade acad\u00eamica \u00e9 o processo que possibilita ao estudante matriculado no Grupo Tiradentes estudar em outra institui\u00e7\u00e3o de ensino e, ap\u00f3s a conclus\u00e3o dos estudos, a emiss\u00e3o do hist\u00f3rico acad\u00eamico e registro em sua institui\u00e7\u00e3o de origem. Como o aluno pode entrar em mobilidade? Em constru\u00e7\u00e3o. O que o aluno ganha<\/p>\n","protected":false},"author":1,"featured_media":0,"parent":2161,"menu_order":0,"comment_status":"open","ping_status":"open","template":"","meta":{"footnotes":""},"class_list":["post-2163","page","type-page","status-publish"],"_links":{"self":[{"href":"https:\/\/www.grupotiradentes.com\/intercambio\/wp-json\/wp\/v2\/pages\/2163","targetHints":{"allow":["GET"]}}],"collection":[{"href":"https:\/\/www.grupotiradentes.com\/intercambio\/wp-json\/wp\/v2\/pages"}],"about":[{"href":"https:\/\/www.grupotiradentes.com\/intercambio\/wp-json\/wp\/v2\/types\/page"}],"author":[{"embeddable":true,"href":"https:\/\/www.grupotiradentes.com\/intercambio\/wp-json\/wp\/v2\/users\/1"}],"replies":[{"embeddable":true,"href":"https:\/\/www.grupotiradentes.com\/intercambio\/wp-json\/wp\/v2\/comments?post=2163"}],"version-history":[{"count":14,"href":"https:\/\/www.grupotiradentes.com\/intercambio\/wp-json\/wp\/v2\/pages\/2163\/revisions"}],"predecessor-version":[{"id":3926,"href":"https:\/\/www.grupotiradentes.com\/intercambio\/wp-json\/wp\/v2\/pages\/2163\/revisions\/3926"}],"up":[{"embeddable":true,"href":"https:\/\/www.grupotiradentes.com\/intercambio\/wp-json\/wp\/v2\/pages\/2161"}],"wp:attachment":[{"href":"https:\/\/www.grupotiradentes.com\/intercambio\/wp-json\/wp\/v2\/media?parent=2163"}],"curies":[{"name":"wp","href":"https:\/\/api.w.org\/{rel}","templated":true}]}}