{"id":2159,"date":"2014-05-09T14:56:19","date_gmt":"2014-05-09T17:56:19","guid":{"rendered":"http:\/\/www.grupotiradentes.com\/intercambio\/?page_id=2159"},"modified":"2016-08-22T10:04:18","modified_gmt":"2016-08-22T13:04:18","slug":"documentos-ies","status":"publish","type":"page","link":"https:\/\/www.grupotiradentes.com\/intercambio\/convenios\/documentos-ies\/","title":{"rendered":"Documentos para IES"},"content":{"rendered":"<h3>Memorando de Entendimento<\/h3>\n<p><a href=\"http:\/\/www.grupotiradentes.com\/intercambio\/wp-content\/uploads\/sites\/5\/2014\/05\/FR.RI_.01.14-\u2013-Memorando-de-Entendimento-Ingl\u00eas.pdf\" title=\"Em Ingl\u00eas\" target=\"_blank\">Em Ingl\u00eas<\/a><\/p>\n<p><a href=\"http:\/\/www.grupotiradentes.com\/intercambio\/wp-content\/uploads\/sites\/5\/2014\/05\/FR.RI_.01.13-\u2013-Memorando-de-Entendimento-Espanhol.pdf\" title=\"Em Espanhol\" target=\"_blank\">Em Espanhol<\/a><\/p>\n<h3>Conv\u00eanios de Coopera\u00e7\u00e3o Acad\u00eamica<\/h3>\n<p><a href=\"http:\/\/www.grupotiradentes.com\/intercambio\/wp-content\/uploads\/sites\/5\/2014\/05\/FR.RI_.02.07-Contratos-com-Institui\u00e7\u00f5es-Estrangeiras-\u2013-Ingl\u00eas.pdf\" title=\"Em Ingl\u00eas\" target=\"_blank\">Em Ingl\u00eas<\/a><\/p>\n<p><a href=\"http:\/\/www.grupotiradentes.com\/intercambio\/wp-content\/uploads\/sites\/5\/2014\/05\/FR.RI_.02.06-Contratos-com-Institui\u00e7\u00f5es-Estrangeiras-Espanhol.pdf\" title=\"Em Espanhol\" target=\"_blank\">Em Espanhol<\/a><\/p>\n","protected":false},"excerpt":{"rendered":"<p>Memorando de Entendimento Em Ingl\u00eas Em Espanhol Conv\u00eanios de Coopera\u00e7\u00e3o Acad\u00eamica Em Ingl\u00eas Em Espanhol<\/p>\n","protected":false},"author":1,"featured_media":0,"parent":2155,"menu_order":0,"comment_status":"open","ping_status":"open","template":"","meta":{"footnotes":""},"class_list":["post-2159","page","type-page","status-publish"],"_links":{"self":[{"href":"https:\/\/www.grupotiradentes.com\/intercambio\/wp-json\/wp\/v2\/pages\/2159","targetHints":{"allow":["GET"]}}],"collection":[{"href":"https:\/\/www.grupotiradentes.com\/intercambio\/wp-json\/wp\/v2\/pages"}],"about":[{"href":"https:\/\/www.grupotiradentes.com\/intercambio\/wp-json\/wp\/v2\/types\/page"}],"author":[{"embeddable":true,"href":"https:\/\/www.grupotiradentes.com\/intercambio\/wp-json\/wp\/v2\/users\/1"}],"replies":[{"embeddable":true,"href":"https:\/\/www.grupotiradentes.com\/intercambio\/wp-json\/wp\/v2\/comments?post=2159"}],"version-history":[{"count":11,"href":"https:\/\/www.grupotiradentes.com\/intercambio\/wp-json\/wp\/v2\/pages\/2159\/revisions"}],"predecessor-version":[{"id":3803,"href":"https:\/\/www.grupotiradentes.com\/intercambio\/wp-json\/wp\/v2\/pages\/2159\/revisions\/3803"}],"up":[{"embeddable":true,"href":"https:\/\/www.grupotiradentes.com\/intercambio\/wp-json\/wp\/v2\/pages\/2155"}],"wp:attachment":[{"href":"https:\/\/www.grupotiradentes.com\/intercambio\/wp-json\/wp\/v2\/media?parent=2159"}],"curies":[{"name":"wp","href":"https:\/\/api.w.org\/{rel}","templated":true}]}}