{"id":2116,"date":"2014-05-08T17:27:30","date_gmt":"2014-05-08T17:27:30","guid":{"rendered":"http:\/\/www.grupotiradentes.com\/intercambio\/?page_id=2116"},"modified":"2014-05-14T13:52:11","modified_gmt":"2014-05-14T16:52:11","slug":"sobre-o-intercambio","status":"publish","type":"page","link":"https:\/\/www.grupotiradentes.com\/intercambio\/institucional\/sobre-o-intercambio\/","title":{"rendered":"Sobre as Rela\u00e7\u00f5es Internacionais"},"content":{"rendered":"<p>As Rela\u00e7\u00f5es Internacionais \u00e9 um departamento vinculado a Reitoria da Universidade Tiradentes e ao Grupo Tiradentes, e tem por miss\u00e3o ampliar as possibilidades dos alunos, dos professores e do pessoal administrativo se mobilizarem internacionalmente, atrav\u00e9s da realiza\u00e7\u00e3o de interc\u00e2mbios acad\u00eamicos e cient\u00edficos.<\/p>\n<p>O Grupo Tiradentes mant\u00e9m programas de interc\u00e2mbio desde o ano de 2008 e hoje possui coopera\u00e7\u00e3o acad\u00eamica e cient\u00edfica com universidades da Europa, da Am\u00e9rica do Norte, da Ibero-Am\u00e9rica e da Am\u00e9rica do Sul.<\/p>\n<p>O nosso maior objetivo \u00e9 proporcionar a melhor informa\u00e7\u00e3o e as melhores oportunidades internacionais aos estudantes, docentes e pessoal administrativo, ampliando assim o seu desenvolvimento internacional e sua percep\u00e7\u00e3o sobre os diferentes matizes que comp\u00f5em o mundo globalizado.<\/p>\n","protected":false},"excerpt":{"rendered":"<p>As Rela\u00e7\u00f5es Internacionais \u00e9 um departamento vinculado a Reitoria da Universidade Tiradentes e ao Grupo Tiradentes, e tem por miss\u00e3o ampliar as possibilidades dos alunos, dos professores e do pessoal administrativo se mobilizarem internacionalmente, atrav\u00e9s da realiza\u00e7\u00e3o de interc\u00e2mbios acad\u00eamicos e cient\u00edficos. O Grupo Tiradentes mant\u00e9m programas de interc\u00e2mbio desde o ano de 2008 e<\/p>\n","protected":false},"author":1,"featured_media":0,"parent":2114,"menu_order":0,"comment_status":"open","ping_status":"open","template":"","meta":{"footnotes":""},"class_list":["post-2116","page","type-page","status-publish"],"_links":{"self":[{"href":"https:\/\/www.grupotiradentes.com\/intercambio\/wp-json\/wp\/v2\/pages\/2116","targetHints":{"allow":["GET"]}}],"collection":[{"href":"https:\/\/www.grupotiradentes.com\/intercambio\/wp-json\/wp\/v2\/pages"}],"about":[{"href":"https:\/\/www.grupotiradentes.com\/intercambio\/wp-json\/wp\/v2\/types\/page"}],"author":[{"embeddable":true,"href":"https:\/\/www.grupotiradentes.com\/intercambio\/wp-json\/wp\/v2\/users\/1"}],"replies":[{"embeddable":true,"href":"https:\/\/www.grupotiradentes.com\/intercambio\/wp-json\/wp\/v2\/comments?post=2116"}],"version-history":[{"count":5,"href":"https:\/\/www.grupotiradentes.com\/intercambio\/wp-json\/wp\/v2\/pages\/2116\/revisions"}],"predecessor-version":[{"id":2358,"href":"https:\/\/www.grupotiradentes.com\/intercambio\/wp-json\/wp\/v2\/pages\/2116\/revisions\/2358"}],"up":[{"embeddable":true,"href":"https:\/\/www.grupotiradentes.com\/intercambio\/wp-json\/wp\/v2\/pages\/2114"}],"wp:attachment":[{"href":"https:\/\/www.grupotiradentes.com\/intercambio\/wp-json\/wp\/v2\/media?parent=2116"}],"curies":[{"name":"wp","href":"https:\/\/api.w.org\/{rel}","templated":true}]}}